{"id":39,"date":"2023-01-16T13:14:25","date_gmt":"2023-01-16T13:14:25","guid":{"rendered":"https:\/\/albufeirastagdo.com\/about-us\/"},"modified":"2026-02-24T09:46:36","modified_gmt":"2026-02-24T09:46:36","slug":"uber-uns","status":"publish","type":"page","link":"https:\/\/albufeirastagdo.com\/de\/uber-uns\/","title":{"rendered":"\u00dcber uns"},"content":{"rendered":"<p>Wir von Albufeira Stag Do haben es uns zur Aufgabe gemacht, Ihren Junggesellenabschied in Albufeira in ein au\u00dfergew\u00f6hnliches Abenteuer zu verwandeln. Wir verstehen die Komplexit\u00e4t der Planung eines Junggesellenabschieds, aber mit unserer Erfahrung, <strong>Sie sind in den besten H\u00e4nden<\/strong>.<\/p>\n\n\n\n<h1 class=\"wp-block-heading\">Unser Versprechen f\u00fcr herausragenden Service<\/h1>\n\n\n\n<p>Wir verpflichten uns, Ihnen w\u00e4hrend Ihres gesamten Aufenthalts einen au\u00dfergew\u00f6hnlichen Service und einen reibungslosen Ablauf zu bieten. Wir arbeiten eng mit Ihnen zusammen, um <strong>eine ma\u00dfgeschneiderte Reiseroute<\/strong> die den einzigartigen Geschmack und die Interessen Ihrer Gruppe widerspiegelt.<\/p>\n\n\n\n<p><\/p>\n\n\n\n<figure class=\"wp-block-image size-large\"><img decoding=\"async\" src=\"https:\/\/albufeirastagdo.com\/wp-content\/uploads\/view-on-famous-resort-albufeira-in-algarve-south-portugal-1024x673.webp\" alt=\"Blick auf den ber\u00fchmten Ferienort Albufeira an der Algarve, S\u00fcdportugal\" class=\"wp-image-1082\"\/><figcaption class=\"wp-element-caption\">Blick auf den ber\u00fchmten Ferienort Albufeira an der Algarve, S\u00fcdportugal.<\/figcaption><\/figure>\n\n\n\n<p>Mit unserer umfassenden Kenntnis von Albufeira f\u00fchren wir Sie zu den besten Erlebnissen und vermeiden gleichzeitig die \u00fcblichen Fallstricke. Von der Auswahl erstklassiger Unterk\u00fcnfte in der N\u00e4he von Albufeiras pulsierenden Orten bis hin zur Gew\u00e4hrleistung, dass die von Ihnen gew\u00e4hlten Aktivit\u00e4ten aufregend und sicher sind, k\u00fcmmern wir uns um jedes Detail.<\/p>\n\n\n\n<h1 class=\"wp-block-heading\">Unsere Expertise in der Junggesellenabschiedsplanung<\/h1>\n\n\n\n<p>Albufeira Stag Do ist bekannt f\u00fcr die Organisation von unvergesslichen Junggesellenabschieden. Wir wissen, was einen Junggesellenabschied besonders macht und bringen die gleiche Energie und Aufregung nach Albufeira.<\/p>\n\n\n\n<p>Unsere flexiblen Buchungsm\u00f6glichkeiten<strong> machen die Organisation Ihres Junggesellenabschieds stressfrei,<\/strong> so dass Sie sich auf den Spa\u00df konzentrieren k\u00f6nnen. Als finanziell abgesichertes Unternehmen ist Ihre Investition bei uns sicher.<\/p>\n\n\n\n<p><\/p>\n\n\n\n<figure class=\"wp-block-image size-full\"><img loading=\"lazy\" decoding=\"async\" width=\"2000\" height=\"1329\" src=\"https:\/\/albufeirastagdo.com\/wp-content\/uploads\/albufeira-6-scaled.webp\" alt=\"Marina di Albufeira Hafen\" class=\"wp-image-1076\" srcset=\"https:\/\/albufeirastagdo.com\/wp-content\/uploads\/albufeira-6-scaled.webp 2000w, https:\/\/albufeirastagdo.com\/wp-content\/uploads\/albufeira-6-scaled-300x199.webp 300w, https:\/\/albufeirastagdo.com\/wp-content\/uploads\/albufeira-6-scaled-1024x680.webp 1024w, https:\/\/albufeirastagdo.com\/wp-content\/uploads\/albufeira-6-scaled-768x510.webp 768w, https:\/\/albufeirastagdo.com\/wp-content\/uploads\/albufeira-6-scaled-1536x1021.webp 1536w, https:\/\/albufeirastagdo.com\/wp-content\/uploads\/albufeira-6-scaled-18x12.webp 18w\" sizes=\"auto, (max-width: 2000px) 100vw, 2000px\" \/><figcaption class=\"wp-element-caption\">Marina di Albufeira Hafen.<\/figcaption><\/figure>\n\n\n\n<p>Wir sind stolz darauf, einen hervorragenden Service zu wettbewerbsf\u00e4higen Preisen zu bieten und die<strong> enge Beziehungen zu unseren lokalen Partnern<\/strong>. Diese Partner bieten eine Reihe von Erlebnissen, von den herrlichen Str\u00e4nden Albufeiras bis hin zum lebhaften Nachtleben.<\/p>\n\n\n\n<h1 class=\"wp-block-heading\">Unser personalisierter Ansatz<\/h1>\n\n\n\n<p>Wir wissen, dass jede Gruppe einzigartig ist. Deshalb passen wir Ihr Junggesellenwochenende in Albufeira Ihrem Stil an. Indem wir uns Ihre Vorlieben anh\u00f6ren, <strong>wir schaffen ein einzigartiges Erlebnis <\/strong>die bei Ihrer Gruppe Anklang findet.<\/p>\n\n\n\n<p>Unser engagiertes Team k\u00fcmmert sich um <strong>die gesamte Planung und Logistik<\/strong>und sorgen so f\u00fcr einen reibungslosen Ablauf ohne versteckte Kosten.<\/p>\n\n\n\n<figure class=\"wp-block-image size-large\"><img decoding=\"async\" src=\"https:\/\/albufeirastagdo.com\/wp-content\/uploads\/cityscape-view-on-the-old-town-with-beautiful-white-houses-on-the-rocks-in-albufeira-city-1024x683.webp\" alt=\"Stadtbild mit Blick auf die Altstadt mit sch\u00f6nen wei\u00dfen H\u00e4usern auf den Felsen in Albufeira im S\u00fcden Portugals\" class=\"wp-image-1083\"\/><figcaption class=\"wp-element-caption\">Stadtbild mit Blick auf die Altstadt mit sch\u00f6nen wei\u00dfen H\u00e4usern auf den Felsen in Albufeira Stadt.<\/figcaption><\/figure>\n\n\n\n<p>Bei Fragen oder Problemen w\u00e4hrend Ihres Aufenthaltes in Albufeira werden wir uns umgehend um Sie k\u00fcmmern. <strong>Wir versorgen Sie mit allen notwendigen Informationen<\/strong> um sich voll und ganz auf den lebendigen Geist dieser pulsierenden Stadt einzulassen.<\/p>\n\n\n\n<h1 class=\"wp-block-heading\">Planen Sie den ultimativen Junggesellenabschied mit uns!<\/h1>\n\n\n\n<p><br>Nutzen Sie unser umfassendes Fachwissen und unsere lokalen Kenntnisse, um h\u00e4ufige Fehler zu vermeiden und Zeit und Geld zu sparen.<\/p>\n\n\n\n<p>Lassen Sie uns helfen, die ultimative Feier f\u00fcr die letzten Tage des Junggesellenlebens zu organisieren. Kontaktieren Sie uns noch heute, um ein unvergessliches Wochenende in Albufeira zu planen.<\/p>\n\n\n\n<p>Interessieren Sie sich f\u00fcr andere Reiseziele f\u00fcr Junggesellen? Sehen Sie sich unsere Liste unten an:<\/p>\n\n\n\n<ul class=\"wp-block-list\">\n<li><a href=\"https:\/\/amsterdam-stag-do.com\/\">Amsterdam Junggesellenabschied<\/a><\/li>\n\n\n\n<li><a href=\"https:\/\/berlin-stag-do.com\/\">Berlin Junggesellenabschied<\/a><\/li>\n\n\n\n<li><a href=\"https:\/\/hamburgstagdo.com\/\">Hamburger Junggesellenabschied<\/a><\/li>\n\n\n\n<li><a href=\"https:\/\/hvarstagdo.com\/\">Hvar Junggesellenabschied<\/a><\/li>\n\n\n\n<li><a href=\"https:\/\/lisbonstagdo.com\/\">Lissabon Junggesellenabschied<\/a><\/li>\n\n\n\n<li><a href=\"https:\/\/munichstagdo.com\/\">M\u00fcnchener Junggesellenabschied<\/a><\/li>\n\n\n\n<li><a href=\"https:\/\/prague-stag-do.com\/\">Prag Junggesellenabschied<\/a><\/li>\n\n\n\n<li><a href=\"https:\/\/riga-stag-do.com\/\">Rigaer Junggesellenabschied<\/a><\/li>\n\n\n\n<li><a href=\"https:\/\/stagpartyljubljana.com\/\">Junggesellenabschied Ljubljana<\/a><\/li>\n\n\n\n<li><a href=\"https:\/\/ibizastagdo.com\">Ibiza Junggesellenabschied<\/a><\/li>\n\n\n\n<li><a href=\"https:\/\/benidorm-stag-do.com\/\">Benidorm Junggesellenabschied<\/a><\/li>\n\n\n\n<li><a href=\"https:\/\/budapest-stag-do.com\/\">Budapest Junggesellenabschied<\/a><\/li>\n\n\n\n<li><a href=\"https:\/\/stagdovegas.com\/\">Junggesellenabschied Vegas<\/a><\/li>\n\n\n\n<li><a href=\"https:\/\/stagdobarcelona.com\/\">Junggesellenabschied Barcelona<\/a><\/li>\n\n\n\n<li><a href=\"https:\/\/stagdozagreb.com\/\">Junggesellenabschied Zagreb<\/a><\/li>\n\n\n\n<li><a href=\"https:\/\/splitstagdo.com\/\">Split Junggesellenabschied<\/a><\/li>\n\n\n\n<li><a href=\"https:\/\/dubrovnikstagdo.com\/\">Dubrovnik Junggesellenabschied<\/a><\/li>\n\n\n\n<li><a href=\"https:\/\/madridstagdo.com\/\">Madrid Junggesellenabschied<\/a><\/li>\n\n\n\n<li><a href=\"https:\/\/bucharest-stag-do.com\/\">Bukarest Junggesellenabschied<\/a><\/li>\n\n\n\n<li><a href=\"https:\/\/dublinstagdo.com\/\">Dublin Junggesellenabschied<\/a><\/li>\n\n\n\n<li><a href=\"https:\/\/stagdokrakow.com\/\">Krakau Junggesellenabschied<\/a><\/li>\n<\/ul>","protected":false},"excerpt":{"rendered":"<p>Wir von Albufeira Stag Do haben es uns zur Aufgabe gemacht, Ihren Junggesellenabschied in Albufeira in ein au\u00dfergew\u00f6hnliches Abenteuer zu verwandeln. Wir verstehen die Komplexit\u00e4t der Planung eines Junggesellenabschieds, aber mit unserer Erfahrung sind Sie in den besten H\u00e4nden. Unser Versprechen f\u00fcr herausragenden Service Wir verpflichten uns, Ihnen w\u00e4hrend Ihres gesamten Aufenthalts einen au\u00dfergew\u00f6hnlichen Service und einen reibungslosen Ablauf zu bieten. Wir arbeiten ... <a href=\"https:\/\/albufeirastagdo.com\/de\/uber-uns\/\">Fortsetzung<\/a><\/p>","protected":false},"author":36,"featured_media":1085,"parent":0,"menu_order":0,"comment_status":"closed","ping_status":"closed","template":"","meta":{"_acf_changed":false,"footnotes":""},"class_list":["post-39","page","type-page","status-publish","has-post-thumbnail","hentry"],"acf":{"page_subheading":"Meet the team behind Albufeira stag do, bringing expertise and personalized service to ensure your Albufeira stag weekend is unforgettable."},"_links":{"self":[{"href":"https:\/\/albufeirastagdo.com\/de\/wp-json\/wp\/v2\/pages\/39","targetHints":{"allow":["GET"]}}],"collection":[{"href":"https:\/\/albufeirastagdo.com\/de\/wp-json\/wp\/v2\/pages"}],"about":[{"href":"https:\/\/albufeirastagdo.com\/de\/wp-json\/wp\/v2\/types\/page"}],"author":[{"embeddable":true,"href":"https:\/\/albufeirastagdo.com\/de\/wp-json\/wp\/v2\/users\/36"}],"replies":[{"embeddable":true,"href":"https:\/\/albufeirastagdo.com\/de\/wp-json\/wp\/v2\/comments?post=39"}],"version-history":[{"count":6,"href":"https:\/\/albufeirastagdo.com\/de\/wp-json\/wp\/v2\/pages\/39\/revisions"}],"predecessor-version":[{"id":7276,"href":"https:\/\/albufeirastagdo.com\/de\/wp-json\/wp\/v2\/pages\/39\/revisions\/7276"}],"wp:featuredmedia":[{"embeddable":true,"href":"https:\/\/albufeirastagdo.com\/de\/wp-json\/wp\/v2\/media\/1085"}],"wp:attachment":[{"href":"https:\/\/albufeirastagdo.com\/de\/wp-json\/wp\/v2\/media?parent=39"}],"curies":[{"name":"wp","href":"https:\/\/api.w.org\/{rel}","templated":true}]}}