{"id":614,"date":"2023-10-03T07:52:44","date_gmt":"2023-10-03T07:52:44","guid":{"rendered":"https:\/\/albufeirastagdo.com\/?page_id=614"},"modified":"2023-12-08T14:52:40","modified_gmt":"2023-12-08T14:52:40","slug":"wie-man-nach-albufeira-kommt","status":"publish","type":"page","link":"https:\/\/albufeirastagdo.com\/de\/wie-man-nach-albufeira-kommt\/","title":{"rendered":"Wie man nach Albufeira kommt"},"content":{"rendered":"<p>Ganz gleich, ob Sie einen entspannten R\u00fcckzug oder ein actionreiches Junggesellenwochenende planen, die Anreise nach Albufeira ist einfach und bequem. Dieser Reisef\u00fchrer zeigt Ihnen die besten Wege zu diesem sonnenverw\u00f6hnten Juwel an der portugiesischen Algarvek\u00fcste.<\/p>\n\n\n\n<h1 class=\"wp-block-heading\">Fliegen nach Albufeira<\/h1>\n\n\n\n<p>Der direkteste und schnellste Weg nach Albufeira ist mit einem Flug nach <strong>Flughafen Faro<\/strong>der n\u00e4chstgelegene internationale Flughafen. Der Flughafen Faro ist gut an verschiedene europ\u00e4ische Gro\u00dfst\u00e4dte, darunter London, angebunden. Zahlreiche Fluggesellschaften bieten Fl\u00fcge nach Faro an, von Billigfluglinien wie Ryanair und easyJet bis hin zu Full-Service-Airlines wie British Airways.<\/p>\n\n\n\n<p><br><\/p>\n\n\n\n<figure class=\"wp-block-image size-large\"><img decoding=\"async\" src=\"https:\/\/albufeirastagdo.com\/wp-content\/uploads\/albuferia-1024x682.webp\" alt=\"Luftaufnahme von Praia da Marinha an der Algarve Portugal\" class=\"wp-image-1069\"\/><figcaption class=\"wp-element-caption\">Luftaufnahme von Praia da Marinha an der Algarve in Portugal.<\/figcaption><\/figure>\n\n\n\n<p>Bei Ihrer Ankunft in Faro k\u00f6nnen wir <a href=\"https:\/\/albufeirastagdo.com\/de\/\">einen Transfer organisieren, der Sie abholt<\/a> Wir holen Sie vom Flughafen ab und bringen Sie zu Ihrer Unterkunft in Albufeira, damit Ihr Junggesellenabenteuer reibungslos beginnen kann.<\/p>\n\n\n\n<h1 class=\"wp-block-heading\">Nach Albufeira fahren<\/h1>\n\n\n\n<p>Wer lieber mit dem Auto nach Albufeira f\u00e4hrt, hat die M\u00f6glichkeit, die Landschaft zu genie\u00dfen und flexibel zu sein. <strong>Erkunden Sie die Algarve-Region in Ihrem eigenen Tempo.<\/strong> Die Stadt ist durch Autobahnen und Nationalstra\u00dfen gut angebunden, so dass sie sowohl mit einem Mietwagen als auch mit dem eigenen Auto gut erreichbar ist.<\/p>\n\n\n\n<h1 class=\"wp-block-heading\">Mit dem Zug nach Albufeira<\/h1>\n\n\n\n<p>Eine weitere bequeme M\u00f6glichkeit ist die Fahrt mit dem Zug nach Albufeira. Der Bahnhof der Stadt ist <strong>gut an verschiedene portugiesische St\u00e4dte angebunden,<\/strong> einschlie\u00dflich Lissabon und Porto. Die Zugfahrt ist eine entspannende und landschaftlich reizvolle Art zu reisen, bei der Sie die sch\u00f6nen Landschaften Portugals genie\u00dfen k\u00f6nnen.<\/p>\n\n\n\n<h1 class=\"wp-block-heading\">Fortbewegung in Albufeira<\/h1>\n\n\n\n<p>Wenn Sie in Albufeira angekommen sind, haben Sie mehrere M\u00f6glichkeiten, sich in der Stadt zu bewegen. Ein Auto zu mieten bietet die gr\u00f6\u00dfte Flexibilit\u00e4t, aber Sie k\u00f6nnen auch Taxis oder \u00f6ffentliche Verkehrsmittel benutzen, um Albufeira und seine Umgebung zu erkunden. F\u00fcr<strong> eine problemlose Erfahrung<\/strong>Damit Sie und Ihr Junggesellenabschied die pulsierende Atmosph\u00e4re von Albufeira genie\u00dfen k\u00f6nnen, bieten wir Ihnen einen Transferservice an.<\/p>\n\n\n\n<p><\/p>\n\n\n\n<figure class=\"wp-block-image size-large\"><img decoding=\"async\" src=\"https:\/\/albufeirastagdo.com\/wp-content\/uploads\/picturesque-sky-over-albufeira-beach-1024x682.webp\" alt=\"Malerischer Himmel \u00fcber dem Strand von Albufeira\" class=\"wp-image-1072\"\/><figcaption class=\"wp-element-caption\">Malerischer Himmel \u00fcber dem Strand von Albufeira.<\/figcaption><\/figure>\n\n\n\n<p>Zusammenfassend l\u00e4sst sich sagen, dass Albufeira bequem und m\u00fchelos zu erreichen ist. <strong>mehrere Optionen f\u00fcr Ihre Pr\u00e4ferenzen<\/strong> und Budget. Egal, ob Sie fliegen, fahren oder den Zug nehmen, Sie werden sich bald in dieser lebendigen Stadt wiederfinden, bereit f\u00fcr ein unvergessliches Junggesellenwochenende.<\/p>","protected":false},"excerpt":{"rendered":"<p>Ganz gleich, ob Sie einen entspannten R\u00fcckzug oder ein actionreiches Junggesellenwochenende planen, die Anreise nach Albufeira ist einfach und bequem. Dieser Leitfaden zeigt Ihnen, wie Sie dieses sonnenverw\u00f6hnte Juwel an der portugiesischen Algarvek\u00fcste am besten erreichen k\u00f6nnen. Flug nach Albufeira Die direkteste und schnellste Art, Albufeira zu erreichen, ist ein Flug zum Flughafen Faro, dem ... <a href=\"https:\/\/albufeirastagdo.com\/de\/wie-man-nach-albufeira-kommt\/\">Fortsetzung<\/a><\/p>","protected":false},"author":36,"featured_media":1071,"parent":0,"menu_order":0,"comment_status":"closed","ping_status":"closed","template":"","meta":{"_acf_changed":false,"footnotes":""},"class_list":["post-614","page","type-page","status-publish","has-post-thumbnail","hentry"],"acf":{"page_subheading":"Discover the best routes to Albufeira for your stag do - explore convenient flights, scenic drives, and local insights for a seamless journey."},"_links":{"self":[{"href":"https:\/\/albufeirastagdo.com\/de\/wp-json\/wp\/v2\/pages\/614","targetHints":{"allow":["GET"]}}],"collection":[{"href":"https:\/\/albufeirastagdo.com\/de\/wp-json\/wp\/v2\/pages"}],"about":[{"href":"https:\/\/albufeirastagdo.com\/de\/wp-json\/wp\/v2\/types\/page"}],"author":[{"embeddable":true,"href":"https:\/\/albufeirastagdo.com\/de\/wp-json\/wp\/v2\/users\/36"}],"replies":[{"embeddable":true,"href":"https:\/\/albufeirastagdo.com\/de\/wp-json\/wp\/v2\/comments?post=614"}],"version-history":[{"count":5,"href":"https:\/\/albufeirastagdo.com\/de\/wp-json\/wp\/v2\/pages\/614\/revisions"}],"predecessor-version":[{"id":1073,"href":"https:\/\/albufeirastagdo.com\/de\/wp-json\/wp\/v2\/pages\/614\/revisions\/1073"}],"wp:featuredmedia":[{"embeddable":true,"href":"https:\/\/albufeirastagdo.com\/de\/wp-json\/wp\/v2\/media\/1071"}],"wp:attachment":[{"href":"https:\/\/albufeirastagdo.com\/de\/wp-json\/wp\/v2\/media?parent=614"}],"curies":[{"name":"wp","href":"https:\/\/api.w.org\/{rel}","templated":true}]}}