{"id":39,"date":"2023-01-16T13:14:25","date_gmt":"2023-01-16T13:14:25","guid":{"rendered":"https:\/\/albufeirastagdo.com\/about-us\/"},"modified":"2026-02-24T09:46:36","modified_gmt":"2026-02-24T09:46:36","slug":"acerca-de-nosotros","status":"publish","type":"page","link":"https:\/\/albufeirastagdo.com\/es\/acerca-de-nosotros\/","title":{"rendered":"Qui\u00e9nes somos"},"content":{"rendered":"<p>En Albufeira Stag Do, nos comprometemos a transformar su despedida de soltero en Albufeira en una aventura extraordinaria. Entendemos las complejidades de la planificaci\u00f3n de una despedida de soltero, pero con nuestra experiencia, <strong>est\u00e1s en las mejores manos<\/strong>.<\/p>\n\n\n\n<h1 class=\"wp-block-heading\">Nuestro compromiso de servicio excepcional<\/h1>\n\n\n\n<p>Nos comprometemos a ofrecerle un servicio excepcional y una experiencia inigualable durante toda su estancia. Trabajamos estrechamente con usted para elaborar <strong>un itinerario personalizado<\/strong> que refleje los gustos e intereses \u00fanicos de su grupo.<\/p>\n\n\n\n<p><\/p>\n\n\n\n<figure class=\"wp-block-image size-large\"><img decoding=\"async\" src=\"https:\/\/albufeirastagdo.com\/wp-content\/uploads\/view-on-famous-resort-albufeira-in-algarve-south-portugal-1024x673.webp\" alt=\"Vista de la famosa localidad de Albufeira, en el Algarve, al sur de Portugal.\" class=\"wp-image-1082\"\/><figcaption class=\"wp-element-caption\">Vista de la famosa localidad de Albufeira, en el Algarve, al sur de Portugal.<\/figcaption><\/figure>\n\n\n\n<p>Gracias a nuestro profundo conocimiento de Albufeira, le guiamos hacia las mejores experiencias, evitando al mismo tiempo los errores m\u00e1s comunes. Nos ocupamos de todos los detalles, desde seleccionar el mejor alojamiento cerca de los lugares m\u00e1s animados de Albufeira hasta asegurarnos de que las actividades que elija sean estimulantes y seguras.<\/p>\n\n\n\n<h1 class=\"wp-block-heading\">Nuestra experiencia en organizaci\u00f3n de despedidas de soltero<\/h1>\n\n\n\n<p>Albufeira Stag Do es conocida por organizar despedidas de soltero inolvidables. Sabemos lo que hace que una despedida de soltero sea especial y traemos esa misma energ\u00eda y emoci\u00f3n a Albufeira.<\/p>\n\n\n\n<p>Nuestras flexibles opciones de reserva<strong> hacer que la organizaci\u00f3n de tu despedida de soltero no sea un estr\u00e9s,<\/strong> permiti\u00e9ndole centrarse en la diversi\u00f3n. Como empresa financieramente segura, su inversi\u00f3n est\u00e1 a salvo con nosotros.<\/p>\n\n\n\n<p><\/p>\n\n\n\n<figure class=\"wp-block-image size-full\"><img loading=\"lazy\" decoding=\"async\" width=\"2000\" height=\"1329\" src=\"https:\/\/albufeirastagdo.com\/wp-content\/uploads\/albufeira-6-scaled.webp\" alt=\"Puerto Marina di Albufeira\" class=\"wp-image-1076\" srcset=\"https:\/\/albufeirastagdo.com\/wp-content\/uploads\/albufeira-6-scaled.webp 2000w, https:\/\/albufeirastagdo.com\/wp-content\/uploads\/albufeira-6-scaled-300x199.webp 300w, https:\/\/albufeirastagdo.com\/wp-content\/uploads\/albufeira-6-scaled-1024x680.webp 1024w, https:\/\/albufeirastagdo.com\/wp-content\/uploads\/albufeira-6-scaled-768x510.webp 768w, https:\/\/albufeirastagdo.com\/wp-content\/uploads\/albufeira-6-scaled-1536x1021.webp 1536w, https:\/\/albufeirastagdo.com\/wp-content\/uploads\/albufeira-6-scaled-18x12.webp 18w\" sizes=\"auto, (max-width: 2000px) 100vw, 2000px\" \/><figcaption class=\"wp-element-caption\">Puerto de Marina di Albufeira.<\/figcaption><\/figure>\n\n\n\n<p>Nos enorgullecemos de ofrecer un servicio excelente a precios competitivos y de mantener<strong> relaciones s\u00f3lidas con nuestros socios locales<\/strong>. Estos socios ofrecen una amplia gama de experiencias, desde disfrutar de las impresionantes playas de Albufeira hasta su animada vida nocturna.<\/p>\n\n\n\n<h1 class=\"wp-block-heading\">Nuestro enfoque personalizado<\/h1>\n\n\n\n<p>Reconocemos que cada grupo es \u00fanico, por lo que personalizamos su despedida de soltero en Albufeira para que se adapte a su estilo. Escuchando sus preferencias, <strong>creamos una experiencia \u00fanica <\/strong>que resuene en su grupo.<\/p>\n\n\n\n<p>Nuestro equipo se encarga de <strong>toda la planificaci\u00f3n y log\u00edstica<\/strong>para garantizar una experiencia sin complicaciones ni costes ocultos.<\/p>\n\n\n\n<figure class=\"wp-block-image size-large\"><img decoding=\"async\" src=\"https:\/\/albufeirastagdo.com\/wp-content\/uploads\/cityscape-view-on-the-old-town-with-beautiful-white-houses-on-the-rocks-in-albufeira-city-1024x683.webp\" alt=\"Vista del paisaje urbano del casco antiguo con hermosas casas blancas en las rocas en la ciudad de Albufeira, en el sur de Portugal.\" class=\"wp-image-1083\"\/><figcaption class=\"wp-element-caption\">Vista del paisaje urbano en el casco antiguo con hermosas casas blancas en las rocas en la ciudad de Albufeira.<\/figcaption><\/figure>\n\n\n\n<p>Con el apoyo continuo, cualquier pregunta o problema durante su estancia en Albufeira ser\u00e1n atendidos con prontitud. <strong>Le proporcionamos toda la informaci\u00f3n necesaria<\/strong> para participar plenamente en el animado esp\u00edritu de esta vibrante ciudad.<\/p>\n\n\n\n<h1 class=\"wp-block-heading\">Planifique la despedida de soltero definitiva con nosotros<\/h1>\n\n\n\n<p><br>Aproveche nuestra amplia experiencia y conocimientos locales para evitar los errores m\u00e1s comunes y ahorrar tiempo y dinero.<\/p>\n\n\n\n<p>Perm\u00edtanos ayudarle a organizar la celebraci\u00f3n definitiva para los \u00faltimos d\u00edas de solter\u00eda del soltero. P\u00f3ngase en contacto con nosotros hoy mismo para empezar a planificar un fin de semana inolvidable en Albufeira.<\/p>\n\n\n\n<p>\u00bfLe interesan otros destinos para despedidas de soltero? Consulte nuestra lista a continuaci\u00f3n:<\/p>\n\n\n\n<ul class=\"wp-block-list\">\n<li><a href=\"https:\/\/amsterdam-stag-do.com\/\">Despedida de soltero en \u00c1msterdam<\/a><\/li>\n\n\n\n<li><a href=\"https:\/\/berlin-stag-do.com\/\">Despedida de soltero en Berl\u00edn<\/a><\/li>\n\n\n\n<li><a href=\"https:\/\/hamburgstagdo.com\/\">Despedida de soltero en Hamburgo<\/a><\/li>\n\n\n\n<li><a href=\"https:\/\/hvarstagdo.com\/\">Despedida de soltero en Hvar<\/a><\/li>\n\n\n\n<li><a href=\"https:\/\/lisbonstagdo.com\/\">Despedida de soltero en Lisboa<\/a><\/li>\n\n\n\n<li><a href=\"https:\/\/munichstagdo.com\/\">Despedida de soltero en M\u00fanich<\/a><\/li>\n\n\n\n<li><a href=\"https:\/\/prague-stag-do.com\/\">Despedida de soltero en Praga<\/a><\/li>\n\n\n\n<li><a href=\"https:\/\/riga-stag-do.com\/\">Despedida de soltero en Riga<\/a><\/li>\n\n\n\n<li><a href=\"https:\/\/stagpartyljubljana.com\/\">Despedida de soltero Liubliana<\/a><\/li>\n\n\n\n<li><a href=\"https:\/\/ibizastagdo.com\">Despedida de soltero en Ibiza<\/a><\/li>\n\n\n\n<li><a href=\"https:\/\/benidorm-stag-do.com\/\">Benidorm Despedida de soltero<\/a><\/li>\n\n\n\n<li><a href=\"https:\/\/budapest-stag-do.com\/\">Despedida de soltero en Budapest<\/a><\/li>\n\n\n\n<li><a href=\"https:\/\/stagdovegas.com\/\">Despedida de soltero en Las Vegas<\/a><\/li>\n\n\n\n<li><a href=\"https:\/\/stagdobarcelona.com\/\">Despedida de soltero Barcelona<\/a><\/li>\n\n\n\n<li><a href=\"https:\/\/stagdozagreb.com\/\">Despedida de soltero Zagreb<\/a><\/li>\n\n\n\n<li><a href=\"https:\/\/splitstagdo.com\/\">Despedida de soltero en Split<\/a><\/li>\n\n\n\n<li><a href=\"https:\/\/dubrovnikstagdo.com\/\">Despedida de soltero en Dubrovnik<\/a><\/li>\n\n\n\n<li><a href=\"https:\/\/madridstagdo.com\/\">Despedida de soltero en Madrid<\/a><\/li>\n\n\n\n<li><a href=\"https:\/\/bucharest-stag-do.com\/\">Despedida de soltero en Bucarest<\/a><\/li>\n\n\n\n<li><a href=\"https:\/\/dublinstagdo.com\/\">Despedida de soltero en Dubl\u00edn<\/a><\/li>\n\n\n\n<li><a href=\"https:\/\/stagdokrakow.com\/\">Despedida de soltero en Cracovia<\/a><\/li>\n<\/ul>","protected":false},"excerpt":{"rendered":"<p>En Albufeira Stag Do, nos comprometemos a transformar su despedida de soltero en Albufeira en una aventura extraordinaria. Entendemos la complejidad de planificar una despedida de soltero, pero con nuestra experiencia, estar\u00e1 en las mejores manos. Nuestro Compromiso de Servicio Excepcional Nos comprometemos a proporcionar un servicio excepcional y experiencias sin fisuras durante toda su estancia. Trabajamos ... <a href=\"https:\/\/albufeirastagdo.com\/es\/acerca-de-nosotros\/\">Contin\u00faa en<\/a><\/p>","protected":false},"author":36,"featured_media":1085,"parent":0,"menu_order":0,"comment_status":"closed","ping_status":"closed","template":"","meta":{"_acf_changed":false,"footnotes":""},"class_list":["post-39","page","type-page","status-publish","has-post-thumbnail","hentry"],"acf":{"page_subheading":"Meet the team behind Albufeira stag do, bringing expertise and personalized service to ensure your Albufeira stag weekend is unforgettable."},"_links":{"self":[{"href":"https:\/\/albufeirastagdo.com\/es\/wp-json\/wp\/v2\/pages\/39","targetHints":{"allow":["GET"]}}],"collection":[{"href":"https:\/\/albufeirastagdo.com\/es\/wp-json\/wp\/v2\/pages"}],"about":[{"href":"https:\/\/albufeirastagdo.com\/es\/wp-json\/wp\/v2\/types\/page"}],"author":[{"embeddable":true,"href":"https:\/\/albufeirastagdo.com\/es\/wp-json\/wp\/v2\/users\/36"}],"replies":[{"embeddable":true,"href":"https:\/\/albufeirastagdo.com\/es\/wp-json\/wp\/v2\/comments?post=39"}],"version-history":[{"count":6,"href":"https:\/\/albufeirastagdo.com\/es\/wp-json\/wp\/v2\/pages\/39\/revisions"}],"predecessor-version":[{"id":7276,"href":"https:\/\/albufeirastagdo.com\/es\/wp-json\/wp\/v2\/pages\/39\/revisions\/7276"}],"wp:featuredmedia":[{"embeddable":true,"href":"https:\/\/albufeirastagdo.com\/es\/wp-json\/wp\/v2\/media\/1085"}],"wp:attachment":[{"href":"https:\/\/albufeirastagdo.com\/es\/wp-json\/wp\/v2\/media?parent=39"}],"curies":[{"name":"wp","href":"https:\/\/api.w.org\/{rel}","templated":true}]}}