{"id":614,"date":"2023-10-03T07:52:44","date_gmt":"2023-10-03T07:52:44","guid":{"rendered":"https:\/\/albufeirastagdo.com\/?page_id=614"},"modified":"2023-12-08T14:52:40","modified_gmt":"2023-12-08T14:52:40","slug":"como-llegar-a-albufeira","status":"publish","type":"page","link":"https:\/\/albufeirastagdo.com\/es\/como-llegar-a-albufeira\/","title":{"rendered":"C\u00f3mo llegar a Albufeira"},"content":{"rendered":"<p>Tanto si est\u00e1 planeando un retiro relajado como un fin de semana de despedida de soltero lleno de acci\u00f3n, llegar a Albufeira es sencillo y c\u00f3modo. Esta gu\u00eda le ayudar\u00e1 a encontrar la mejor manera de llegar a esta joya de la costa portuguesa del Algarve ba\u00f1ada por el sol.<\/p>\n\n\n\n<h1 class=\"wp-block-heading\">Volar a Albufeira<\/h1>\n\n\n\n<p>La forma m\u00e1s directa y r\u00e1pida de llegar a Albufeira es volar a <strong>Aeropuerto de Faro<\/strong>el aeropuerto internacional m\u00e1s cercano. El aeropuerto de Faro est\u00e1 bien comunicado con varias de las principales ciudades europeas, incluida Londres. Numerosas aerol\u00edneas operan vuelos a Faro, desde opciones econ\u00f3micas como Ryanair y easyJet hasta aerol\u00edneas de servicio completo como British Airways.<\/p>\n\n\n\n<p><br><\/p>\n\n\n\n<figure class=\"wp-block-image size-large\"><img decoding=\"async\" src=\"https:\/\/albufeirastagdo.com\/wp-content\/uploads\/albuferia-1024x682.webp\" alt=\"A\u00e9rea de Praia da Marinha en el Algarve Portugal\" class=\"wp-image-1069\"\/><figcaption class=\"wp-element-caption\">Antena de Praia da Marinha en el Algarve, Portugal.<\/figcaption><\/figure>\n\n\n\n<p>A su llegada a Faro, podemos <a href=\"https:\/\/albufeirastagdo.com\/es\/\">organizar un traslado para recogerle<\/a> le recoger\u00e1 en el aeropuerto y le transportar\u00e1 a su alojamiento en Albufeira, garantizando un comienzo sin problemas de su aventura de despedida de soltero.<\/p>\n\n\n\n<h1 class=\"wp-block-heading\">En coche a Albufeira<\/h1>\n\n\n\n<p>Para quienes prefieran un viaje por carretera, conducir hasta Albufeira ofrece vistas panor\u00e1micas y la flexibilidad de <strong>Explore la regi\u00f3n del Algarve a su ritmo.<\/strong> La ciudad est\u00e1 bien comunicada por autopistas y carreteras nacionales, lo que la convierte en un destino accesible tanto si alquila un coche como si conduce el suyo propio.<\/p>\n\n\n\n<h1 class=\"wp-block-heading\">En tren a Albufeira<\/h1>\n\n\n\n<p>Otra opci\u00f3n c\u00f3moda es coger el tren hasta Albufeira. La estaci\u00f3n de tren de la ciudad es <strong>bien conectado con varias ciudades portuguesas,<\/strong> incluyendo Lisboa y Oporto. El viaje en tren ofrece una forma relajante y panor\u00e1mica de viajar, permiti\u00e9ndole disfrutar de los bellos paisajes de Portugal.<\/p>\n\n\n\n<h1 class=\"wp-block-heading\">Moverse por Albufeira<\/h1>\n\n\n\n<p>Una vez que haya llegado a Albufeira, tiene varias opciones para moverse por la ciudad. Alquilar un coche proporciona la mayor flexibilidad, pero tambi\u00e9n puede utilizar los taxis o el transporte p\u00fablico para explorar Albufeira y sus alrededores. Para<strong> una experiencia sin complicaciones<\/strong>Considere nuestros servicios de traslado para que usted y su despedida de soltero puedan centrarse en disfrutar del vibrante ambiente de Albufeira.<\/p>\n\n\n\n<p><\/p>\n\n\n\n<figure class=\"wp-block-image size-large\"><img decoding=\"async\" src=\"https:\/\/albufeirastagdo.com\/wp-content\/uploads\/picturesque-sky-over-albufeira-beach-1024x682.webp\" alt=\"Cielo pintoresco sobre la playa de Albufeira\" class=\"wp-image-1072\"\/><figcaption class=\"wp-element-caption\">Cielo pintoresco sobre la playa de Albufeira.<\/figcaption><\/figure>\n\n\n\n<p>En conclusi\u00f3n, llegar a Albufeira es c\u00f3modo y sin complicaciones, con <strong>m\u00faltiples opciones para adaptarse a sus preferencias<\/strong> y presupuesto. Ya sea en avi\u00f3n, en coche o en tren, pronto se encontrar\u00e1 en esta animada ciudad, listo para comenzar un fin de semana de despedida de soltero inolvidable.<\/p>","protected":false},"excerpt":{"rendered":"<p>Tanto si est\u00e1 planeando un retiro relajado como un fin de semana de despedida de soltero lleno de acci\u00f3n, llegar a Albufeira es sencillo y c\u00f3modo. Esta gu\u00eda le ayudar\u00e1 a encontrar las mejores formas de llegar a esta joya ba\u00f1ada por el sol de la costa portuguesa del Algarve. Volar a Albufeira La forma m\u00e1s directa y r\u00e1pida de llegar a Albufeira es volar al aeropuerto de Faro, ... <a href=\"https:\/\/albufeirastagdo.com\/es\/como-llegar-a-albufeira\/\">Contin\u00faa en<\/a><\/p>","protected":false},"author":36,"featured_media":1071,"parent":0,"menu_order":0,"comment_status":"closed","ping_status":"closed","template":"","meta":{"_acf_changed":false,"footnotes":""},"class_list":["post-614","page","type-page","status-publish","has-post-thumbnail","hentry"],"acf":{"page_subheading":"Discover the best routes to Albufeira for your stag do - explore convenient flights, scenic drives, and local insights for a seamless journey."},"_links":{"self":[{"href":"https:\/\/albufeirastagdo.com\/es\/wp-json\/wp\/v2\/pages\/614","targetHints":{"allow":["GET"]}}],"collection":[{"href":"https:\/\/albufeirastagdo.com\/es\/wp-json\/wp\/v2\/pages"}],"about":[{"href":"https:\/\/albufeirastagdo.com\/es\/wp-json\/wp\/v2\/types\/page"}],"author":[{"embeddable":true,"href":"https:\/\/albufeirastagdo.com\/es\/wp-json\/wp\/v2\/users\/36"}],"replies":[{"embeddable":true,"href":"https:\/\/albufeirastagdo.com\/es\/wp-json\/wp\/v2\/comments?post=614"}],"version-history":[{"count":5,"href":"https:\/\/albufeirastagdo.com\/es\/wp-json\/wp\/v2\/pages\/614\/revisions"}],"predecessor-version":[{"id":1073,"href":"https:\/\/albufeirastagdo.com\/es\/wp-json\/wp\/v2\/pages\/614\/revisions\/1073"}],"wp:featuredmedia":[{"embeddable":true,"href":"https:\/\/albufeirastagdo.com\/es\/wp-json\/wp\/v2\/media\/1071"}],"wp:attachment":[{"href":"https:\/\/albufeirastagdo.com\/es\/wp-json\/wp\/v2\/media?parent=614"}],"curies":[{"name":"wp","href":"https:\/\/api.w.org\/{rel}","templated":true}]}}