{"id":39,"date":"2023-01-16T13:14:25","date_gmt":"2023-01-16T13:14:25","guid":{"rendered":"https:\/\/albufeirastagdo.com\/about-us\/"},"modified":"2026-02-24T09:46:36","modified_gmt":"2026-02-24T09:46:36","slug":"a-propos-de-nous","status":"publish","type":"page","link":"https:\/\/albufeirastagdo.com\/fr\/a-propos-de-nous\/","title":{"rendered":"\u00c0 propos de nous"},"content":{"rendered":"<p>\u00c0 Albufeira Stag Do, nous nous engageons \u00e0 transformer votre week-end d'enterrement de vie de gar\u00e7on \u00e0 Albufeira en une aventure extraordinaire. Nous comprenons la complexit\u00e9 de la planification d'un enterrement de vie de gar\u00e7on, mais gr\u00e2ce \u00e0 notre expertise, <strong>vous \u00eates entre de bonnes mains<\/strong>.<\/p>\n\n\n\n<h1 class=\"wp-block-heading\">Notre promesse d'un service exceptionnel<\/h1>\n\n\n\n<p>Nous nous engageons \u00e0 vous fournir un service exceptionnel et \u00e0 vous faire vivre une exp\u00e9rience sans faille tout au long de votre s\u00e9jour. Nous travaillons en \u00e9troite collaboration avec vous pour \u00e9laborer <strong>un itin\u00e9raire personnalis\u00e9<\/strong> qui refl\u00e8te les go\u00fbts et les int\u00e9r\u00eats uniques de votre groupe.<\/p>\n\n\n\n<p><\/p>\n\n\n\n<figure class=\"wp-block-image size-large\"><img decoding=\"async\" src=\"https:\/\/albufeirastagdo.com\/wp-content\/uploads\/view-on-famous-resort-albufeira-in-algarve-south-portugal-1024x673.webp\" alt=\"vue sur la c\u00e9l\u00e8bre station baln\u00e9aire d&#039;Albufeira en Algarve, au sud du Portugal\" class=\"wp-image-1082\"\/><figcaption class=\"wp-element-caption\">Vue sur la c\u00e9l\u00e8bre station baln\u00e9aire d'Albufeira en Algarve, au sud du Portugal.<\/figcaption><\/figure>\n\n\n\n<p>Gr\u00e2ce \u00e0 notre connaissance approfondie d'Albufeira, nous vous guidons vers les meilleures exp\u00e9riences tout en \u00e9vitant les pi\u00e8ges les plus courants. Nous nous occupons de tous les d\u00e9tails, qu'il s'agisse de la s\u00e9lection d'un h\u00e9bergement de choix \u00e0 proximit\u00e9 des lieux les plus anim\u00e9s d'Albufeira ou de la garantie que les activit\u00e9s choisies sont \u00e0 la fois exaltantes et s\u00fbres.<\/p>\n\n\n\n<h1 class=\"wp-block-heading\">Notre expertise en mati\u00e8re d'organisation d'enterrement de vie de gar\u00e7on<\/h1>\n\n\n\n<p>Albufeira Stag Do est r\u00e9put\u00e9 pour organiser des week-ends inoubliables pour les enterrements de vie de gar\u00e7on. Nous savons ce qui rend un enterrement de vie de gar\u00e7on sp\u00e9cial et nous apportons la m\u00eame \u00e9nergie et la m\u00eame excitation \u00e0 Albufeira.<\/p>\n\n\n\n<p>Nos options de r\u00e9servation flexibles<strong> pour que l'organisation de votre enterrement de vie de gar\u00e7on se fasse sans stress,<\/strong> vous permettant de vous concentrer sur le plaisir. En tant qu'entreprise financi\u00e8rement solide, votre investissement est en s\u00e9curit\u00e9 chez nous.<\/p>\n\n\n\n<p><\/p>\n\n\n\n<figure class=\"wp-block-image size-full\"><img loading=\"lazy\" decoding=\"async\" width=\"2000\" height=\"1329\" src=\"https:\/\/albufeirastagdo.com\/wp-content\/uploads\/albufeira-6-scaled.webp\" alt=\"Port de Marina di Albufeira\" class=\"wp-image-1076\" srcset=\"https:\/\/albufeirastagdo.com\/wp-content\/uploads\/albufeira-6-scaled.webp 2000w, https:\/\/albufeirastagdo.com\/wp-content\/uploads\/albufeira-6-scaled-300x199.webp 300w, https:\/\/albufeirastagdo.com\/wp-content\/uploads\/albufeira-6-scaled-1024x680.webp 1024w, https:\/\/albufeirastagdo.com\/wp-content\/uploads\/albufeira-6-scaled-768x510.webp 768w, https:\/\/albufeirastagdo.com\/wp-content\/uploads\/albufeira-6-scaled-1536x1021.webp 1536w, https:\/\/albufeirastagdo.com\/wp-content\/uploads\/albufeira-6-scaled-18x12.webp 18w\" sizes=\"auto, (max-width: 2000px) 100vw, 2000px\" \/><figcaption class=\"wp-element-caption\">Port de Marina di Albufeira.<\/figcaption><\/figure>\n\n\n\n<p>Nous sommes fiers de fournir un excellent service \u00e0 des prix comp\u00e9titifs et de maintenir un niveau de qualit\u00e9 \u00e9lev\u00e9.<strong> des relations solides avec nos partenaires locaux<\/strong>. Ces partenaires proposent toute une gamme d'exp\u00e9riences, allant des plages magnifiques d'Albufeira \u00e0 sa vie nocturne anim\u00e9e.<\/p>\n\n\n\n<h1 class=\"wp-block-heading\">Notre approche personnalis\u00e9e<\/h1>\n\n\n\n<p>Nous savons que chaque groupe est unique, c'est pourquoi nous personnalisons votre week-end d'enterrement de vie de gar\u00e7on \u00e0 Albufeira pour qu'il corresponde \u00e0 votre style. En \u00e9coutant vos pr\u00e9f\u00e9rences, <strong>nous cr\u00e9ons une exp\u00e9rience unique <\/strong>qui soit en r\u00e9sonance avec votre groupe.<\/p>\n\n\n\n<p>Notre \u00e9quipe d\u00e9vou\u00e9e s'occupe de <strong>toute la planification et la logistique<\/strong>Les frais d'inscription sont pris en charge par l'administration, ce qui garantit une exp\u00e9rience sans tracas et sans frais cach\u00e9s.<\/p>\n\n\n\n<figure class=\"wp-block-image size-large\"><img decoding=\"async\" src=\"https:\/\/albufeirastagdo.com\/wp-content\/uploads\/cityscape-view-on-the-old-town-with-beautiful-white-houses-on-the-rocks-in-albufeira-city-1024x683.webp\" alt=\"Vue sur la vieille ville avec de belles maisons blanches sur les rochers dans la ville d&#039;Albufeira au sud du Portugal\" class=\"wp-image-1083\"\/><figcaption class=\"wp-element-caption\">Vue sur la vieille ville d'Albufeira avec de belles maisons blanches sur les rochers.<\/figcaption><\/figure>\n\n\n\n<p>Gr\u00e2ce \u00e0 une assistance permanente, toute question ou tout probl\u00e8me rencontr\u00e9 lors de votre s\u00e9jour \u00e0 Albufeira sera trait\u00e9 rapidement. <strong>Nous vous fournissons toutes les informations n\u00e9cessaires<\/strong> pour participer pleinement \u00e0 l'esprit vivant de cette ville dynamique.<\/p>\n\n\n\n<h1 class=\"wp-block-heading\">Organisez le meilleur enterrement de vie de gar\u00e7on avec nous !<\/h1>\n\n\n\n<p><br>Tirez parti de notre vaste expertise et de notre connaissance du terrain pour \u00e9viter les erreurs les plus courantes et \u00e9conomiser ainsi du temps et de l'argent.<\/p>\n\n\n\n<p>Laissez-nous vous aider \u00e0 orchestrer l'ultime c\u00e9l\u00e9bration des derniers jours de c\u00e9libat du gar\u00e7on. Contactez-nous d\u00e8s aujourd'hui pour commencer \u00e0 planifier un week-end inoubliable \u00e0 Albufeira.<\/p>\n\n\n\n<p>D'autres destinations pour les enterrements de vie de gar\u00e7on vous int\u00e9ressent ? Consultez notre liste ci-dessous :<\/p>\n\n\n\n<ul class=\"wp-block-list\">\n<li><a href=\"https:\/\/amsterdam-stag-do.com\/\">Enterrement de vie de gar\u00e7on \u00e0 Amsterdam<\/a><\/li>\n\n\n\n<li><a href=\"https:\/\/berlin-stag-do.com\/\">Enterrement de vie de gar\u00e7on \u00e0 Berlin<\/a><\/li>\n\n\n\n<li><a href=\"https:\/\/hamburgstagdo.com\/\">Enterrement de vie de gar\u00e7on \u00e0 Hambourg<\/a><\/li>\n\n\n\n<li><a href=\"https:\/\/hvarstagdo.com\/\">Enterrement de vie de gar\u00e7on \u00e0 Hvar<\/a><\/li>\n\n\n\n<li><a href=\"https:\/\/lisbonstagdo.com\/\">Enterrement de vie de gar\u00e7on \u00e0 Lisbonne<\/a><\/li>\n\n\n\n<li><a href=\"https:\/\/munichstagdo.com\/\">Enterrement de vie de gar\u00e7on \u00e0 Munich<\/a><\/li>\n\n\n\n<li><a href=\"https:\/\/prague-stag-do.com\/\">Enterrement de vie de gar\u00e7on \u00e0 Prague<\/a><\/li>\n\n\n\n<li><a href=\"https:\/\/riga-stag-do.com\/\">Enterrement de vie de gar\u00e7on \u00e0 Riga<\/a><\/li>\n\n\n\n<li><a href=\"https:\/\/stagpartyljubljana.com\/\">Enterrement de vie de gar\u00e7on Ljubljana<\/a><\/li>\n\n\n\n<li><a href=\"https:\/\/ibizastagdo.com\">Enterrement de vie de gar\u00e7on \u00e0 Ibiza<\/a><\/li>\n\n\n\n<li><a href=\"https:\/\/benidorm-stag-do.com\/\">Enterrement de vie de gar\u00e7on \u00e0 Benidorm<\/a><\/li>\n\n\n\n<li><a href=\"https:\/\/budapest-stag-do.com\/\">Enterrement de vie de gar\u00e7on \u00e0 Budapest<\/a><\/li>\n\n\n\n<li><a href=\"https:\/\/stagdovegas.com\/\">Enterrement de vie de gar\u00e7on \u00e0 Vegas<\/a><\/li>\n\n\n\n<li><a href=\"https:\/\/stagdobarcelona.com\/\">Enterrement de vie de gar\u00e7on \u00e0 Barcelone<\/a><\/li>\n\n\n\n<li><a href=\"https:\/\/stagdozagreb.com\/\">Enterrement de vie de gar\u00e7on \u00e0 Zagreb<\/a><\/li>\n\n\n\n<li><a href=\"https:\/\/splitstagdo.com\/\">Enterrement de vie de gar\u00e7on \u00e0 Split<\/a><\/li>\n\n\n\n<li><a href=\"https:\/\/dubrovnikstagdo.com\/\">Enterrement de vie de gar\u00e7on \u00e0 Dubrovnik<\/a><\/li>\n\n\n\n<li><a href=\"https:\/\/madridstagdo.com\/\">Enterrement de vie de gar\u00e7on \u00e0 Madrid<\/a><\/li>\n\n\n\n<li><a href=\"https:\/\/bucharest-stag-do.com\/\">Enterrement de vie de gar\u00e7on \u00e0 Bucarest<\/a><\/li>\n\n\n\n<li><a href=\"https:\/\/dublinstagdo.com\/\">Enterrement de vie de gar\u00e7on \u00e0 Dublin<\/a><\/li>\n\n\n\n<li><a href=\"https:\/\/stagdokrakow.com\/\">Enterrement de vie de gar\u00e7on \u00e0 Cracovie<\/a><\/li>\n<\/ul>","protected":false},"excerpt":{"rendered":"<p>\u00c0 Albufeira Stag Do, nous nous engageons \u00e0 transformer votre week-end d'enterrement de vie de gar\u00e7on \u00e0 Albufeira en une aventure extraordinaire. Nous comprenons la complexit\u00e9 de l'organisation d'un enterrement de vie de gar\u00e7on, mais gr\u00e2ce \u00e0 notre expertise, vous \u00eates entre de bonnes mains. Notre promesse d'un service exceptionnel Nous nous engageons \u00e0 vous fournir un service exceptionnel et \u00e0 vous faire vivre une exp\u00e9rience sans faille tout au long de votre s\u00e9jour. Nous travaillons ... <a href=\"https:\/\/albufeirastagdo.com\/fr\/a-propos-de-nous\/\">Suite<\/a><\/p>","protected":false},"author":36,"featured_media":1085,"parent":0,"menu_order":0,"comment_status":"closed","ping_status":"closed","template":"","meta":{"_acf_changed":false,"footnotes":""},"class_list":["post-39","page","type-page","status-publish","has-post-thumbnail","hentry"],"acf":{"page_subheading":"Meet the team behind Albufeira stag do, bringing expertise and personalized service to ensure your Albufeira stag weekend is unforgettable."},"_links":{"self":[{"href":"https:\/\/albufeirastagdo.com\/fr\/wp-json\/wp\/v2\/pages\/39","targetHints":{"allow":["GET"]}}],"collection":[{"href":"https:\/\/albufeirastagdo.com\/fr\/wp-json\/wp\/v2\/pages"}],"about":[{"href":"https:\/\/albufeirastagdo.com\/fr\/wp-json\/wp\/v2\/types\/page"}],"author":[{"embeddable":true,"href":"https:\/\/albufeirastagdo.com\/fr\/wp-json\/wp\/v2\/users\/36"}],"replies":[{"embeddable":true,"href":"https:\/\/albufeirastagdo.com\/fr\/wp-json\/wp\/v2\/comments?post=39"}],"version-history":[{"count":6,"href":"https:\/\/albufeirastagdo.com\/fr\/wp-json\/wp\/v2\/pages\/39\/revisions"}],"predecessor-version":[{"id":7276,"href":"https:\/\/albufeirastagdo.com\/fr\/wp-json\/wp\/v2\/pages\/39\/revisions\/7276"}],"wp:featuredmedia":[{"embeddable":true,"href":"https:\/\/albufeirastagdo.com\/fr\/wp-json\/wp\/v2\/media\/1085"}],"wp:attachment":[{"href":"https:\/\/albufeirastagdo.com\/fr\/wp-json\/wp\/v2\/media?parent=39"}],"curies":[{"name":"wp","href":"https:\/\/api.w.org\/{rel}","templated":true}]}}