{"id":614,"date":"2023-10-03T07:52:44","date_gmt":"2023-10-03T07:52:44","guid":{"rendered":"https:\/\/albufeirastagdo.com\/?page_id=614"},"modified":"2023-12-08T14:52:40","modified_gmt":"2023-12-08T14:52:40","slug":"comment-se-rendre-a-albufeira","status":"publish","type":"page","link":"https:\/\/albufeirastagdo.com\/fr\/comment-se-rendre-a-albufeira\/","title":{"rendered":"Comment se rendre \u00e0 Albufeira"},"content":{"rendered":"<p>Que vous pr\u00e9voyiez une retraite d\u00e9contract\u00e9e ou un week-end d'enterrement de vie de gar\u00e7on plein d'action, il est facile et pratique de se rendre \u00e0 Albufeira. Ce guide vous aidera \u00e0 trouver les meilleurs moyens de rejoindre ce joyau ensoleill\u00e9 de la c\u00f4te portugaise de l'Algarve.<\/p>\n\n\n\n<h1 class=\"wp-block-heading\">Vol pour Albufeira<\/h1>\n\n\n\n<p>Le moyen le plus direct et le plus rapide de se rendre \u00e0 Albufeira est de prendre l'avion \u00e0 destination de <strong>A\u00e9roport de Faro<\/strong>L'a\u00e9roport de Faro est l'a\u00e9roport international le plus proche. L'a\u00e9roport de Faro est bien reli\u00e9 \u00e0 plusieurs grandes villes europ\u00e9ennes, dont Londres. De nombreuses compagnies a\u00e9riennes desservent Faro, qu'il s'agisse d'options \u00e9conomiques comme Ryanair et easyJet ou de compagnies \u00e0 service complet comme British Airways.<\/p>\n\n\n\n<p><br><\/p>\n\n\n\n<figure class=\"wp-block-image size-large\"><img decoding=\"async\" src=\"https:\/\/albufeirastagdo.com\/wp-content\/uploads\/albuferia-1024x682.webp\" alt=\"Vue a\u00e9rienne de Praia da Marinha dans l&#039;Algarve au Portugal\" class=\"wp-image-1069\"\/><figcaption class=\"wp-element-caption\">Vue a\u00e9rienne de Praia da Marinha dans l'Algarve au Portugal.<\/figcaption><\/figure>\n\n\n\n<p>A votre arriv\u00e9e \u00e0 Faro, nous pouvons <a href=\"https:\/\/albufeirastagdo.com\/fr\/\">organiser un transfert pour venir vous chercher<\/a> L'h\u00f4tel vous accueille \u00e0 l'a\u00e9roport et vous transporte jusqu'\u00e0 votre h\u00e9bergement \u00e0 Albufeira, pour un d\u00e9part en douceur de votre aventure de gar\u00e7on.<\/p>\n\n\n\n<h1 class=\"wp-block-heading\">En voiture jusqu'\u00e0 Albufeira<\/h1>\n\n\n\n<p>Pour ceux qui pr\u00e9f\u00e8rent voyager par la route, se rendre \u00e0 Albufeira en voiture offre des vues panoramiques et la possibilit\u00e9 de <strong>explorer la r\u00e9gion de l'Algarve \u00e0 votre rythme.<\/strong> La ville est bien desservie par les autoroutes et les routes nationales, ce qui en fait une destination accessible, que vous louiez une voiture ou que vous conduisiez la v\u00f4tre.<\/p>\n\n\n\n<h1 class=\"wp-block-heading\">Prendre le train pour Albufeira<\/h1>\n\n\n\n<p>Une autre option pratique consiste \u00e0 prendre le train pour Albufeira. La gare de la ville est <strong>bien reli\u00e9 \u00e0 plusieurs villes portugaises,<\/strong> y compris Lisbonne et Porto. Le voyage en train est un moyen de transport relaxant et pittoresque, qui vous permet d'appr\u00e9cier les magnifiques paysages du Portugal.<\/p>\n\n\n\n<h1 class=\"wp-block-heading\">Se d\u00e9placer \u00e0 Albufeira<\/h1>\n\n\n\n<p>Une fois arriv\u00e9 \u00e0 Albufeira, plusieurs options s'offrent \u00e0 vous pour naviguer dans la ville. La location d'une voiture offre le plus de flexibilit\u00e9, mais vous pouvez \u00e9galement utiliser les taxis ou les transports publics pour explorer Albufeira et ses environs. Pour<strong> une exp\u00e9rience sans tracas<\/strong>Si vous souhaitez profiter de l'ambiance anim\u00e9e d'Albufeira, pensez \u00e0 nos services de transfert, qui vous permettront, \u00e0 vous et \u00e0 votre enterrement de vie de gar\u00e7on, de vous concentrer sur l'ambiance de la ville.<\/p>\n\n\n\n<p><\/p>\n\n\n\n<figure class=\"wp-block-image size-large\"><img decoding=\"async\" src=\"https:\/\/albufeirastagdo.com\/wp-content\/uploads\/picturesque-sky-over-albufeira-beach-1024x682.webp\" alt=\"Ciel pittoresque sur la plage d&#039;Albufeira\" class=\"wp-image-1072\"\/><figcaption class=\"wp-element-caption\">Ciel pittoresque sur la plage d'Albufeira.<\/figcaption><\/figure>\n\n\n\n<p>En conclusion, l'acc\u00e8s \u00e0 Albufeira est pratique et sans probl\u00e8me, avec <strong>de multiples options pour r\u00e9pondre \u00e0 vos pr\u00e9f\u00e9rences<\/strong> et de votre budget. Que vous preniez l'avion, la voiture ou le train, vous vous retrouverez bient\u00f4t dans cette ville anim\u00e9e, pr\u00eat \u00e0 entamer un week-end inoubliable pour les enterrements de vie de gar\u00e7on.<\/p>","protected":false},"excerpt":{"rendered":"<p>Que vous pr\u00e9voyiez une retraite d\u00e9contract\u00e9e ou un week-end d'enterrement de vie de gar\u00e7on plein d'action, il est facile et pratique de se rendre \u00e0 Albufeira. Ce guide vous aidera \u00e0 trouver les meilleurs moyens de rejoindre ce joyau ensoleill\u00e9 de la c\u00f4te portugaise de l'Algarve. Vol pour Albufeira Le moyen le plus direct et le plus rapide de se rendre \u00e0 Albufeira est de prendre l'avion \u00e0 l'a\u00e9roport de Faro, le ... <a href=\"https:\/\/albufeirastagdo.com\/fr\/comment-se-rendre-a-albufeira\/\">Suite<\/a><\/p>","protected":false},"author":36,"featured_media":1071,"parent":0,"menu_order":0,"comment_status":"closed","ping_status":"closed","template":"","meta":{"_acf_changed":false,"footnotes":""},"class_list":["post-614","page","type-page","status-publish","has-post-thumbnail","hentry"],"acf":{"page_subheading":"Discover the best routes to Albufeira for your stag do - explore convenient flights, scenic drives, and local insights for a seamless journey."},"_links":{"self":[{"href":"https:\/\/albufeirastagdo.com\/fr\/wp-json\/wp\/v2\/pages\/614","targetHints":{"allow":["GET"]}}],"collection":[{"href":"https:\/\/albufeirastagdo.com\/fr\/wp-json\/wp\/v2\/pages"}],"about":[{"href":"https:\/\/albufeirastagdo.com\/fr\/wp-json\/wp\/v2\/types\/page"}],"author":[{"embeddable":true,"href":"https:\/\/albufeirastagdo.com\/fr\/wp-json\/wp\/v2\/users\/36"}],"replies":[{"embeddable":true,"href":"https:\/\/albufeirastagdo.com\/fr\/wp-json\/wp\/v2\/comments?post=614"}],"version-history":[{"count":5,"href":"https:\/\/albufeirastagdo.com\/fr\/wp-json\/wp\/v2\/pages\/614\/revisions"}],"predecessor-version":[{"id":1073,"href":"https:\/\/albufeirastagdo.com\/fr\/wp-json\/wp\/v2\/pages\/614\/revisions\/1073"}],"wp:featuredmedia":[{"embeddable":true,"href":"https:\/\/albufeirastagdo.com\/fr\/wp-json\/wp\/v2\/media\/1071"}],"wp:attachment":[{"href":"https:\/\/albufeirastagdo.com\/fr\/wp-json\/wp\/v2\/media?parent=614"}],"curies":[{"name":"wp","href":"https:\/\/api.w.org\/{rel}","templated":true}]}}