{"id":39,"date":"2023-01-16T13:14:25","date_gmt":"2023-01-16T13:14:25","guid":{"rendered":"https:\/\/albufeirastagdo.com\/about-us\/"},"modified":"2026-02-24T09:46:36","modified_gmt":"2026-02-24T09:46:36","slug":"chi-siamo","status":"publish","type":"page","link":"https:\/\/albufeirastagdo.com\/it\/chi-siamo\/","title":{"rendered":"Chi siamo"},"content":{"rendered":"<p>Noi di Albufeira Stag Do ci impegniamo a trasformare il vostro weekend di addio al celibato ad Albufeira in un'avventura straordinaria. Comprendiamo la complessit\u00e0 della pianificazione di un addio al celibato, ma con la nostra esperienza, <strong>siete nelle mani migliori<\/strong>.<\/p>\n\n\n\n<h1 class=\"wp-block-heading\">Il nostro impegno per un servizio eccellente<\/h1>\n\n\n\n<p>Ci impegniamo a fornire un servizio eccezionale e un'esperienza senza soluzione di continuit\u00e0 durante il vostro soggiorno. Lavoriamo a stretto contatto con voi per creare <strong>un itinerario personalizzato<\/strong> che rifletta i gusti e gli interessi unici del vostro gruppo.<\/p>\n\n\n\n<p><\/p>\n\n\n\n<figure class=\"wp-block-image size-large\"><img decoding=\"async\" src=\"https:\/\/albufeirastagdo.com\/wp-content\/uploads\/view-on-famous-resort-albufeira-in-algarve-south-portugal-1024x673.webp\" alt=\"vista sulla famosa localit\u00e0 di Albufeira in Algarve, nel sud del Portogallo\" class=\"wp-image-1082\"\/><figcaption class=\"wp-element-caption\">Vista sulla famosa localit\u00e0 di Albufeira in Algarve, nel sud del Portogallo.<\/figcaption><\/figure>\n\n\n\n<p>Grazie alla nostra profonda conoscenza di Albufeira, vi guidiamo verso le esperienze migliori evitando le insidie pi\u00f9 comuni. Dalla selezione di alloggi di prim'ordine vicino ai luoghi pi\u00f9 vivaci di Albufeira alla garanzia che le attivit\u00e0 scelte siano esaltanti e sicure, ci occupiamo di ogni dettaglio.<\/p>\n\n\n\n<h1 class=\"wp-block-heading\">La nostra esperienza nella pianificazione dell'addio al celibato<\/h1>\n\n\n\n<p>L'Albufeira Stag Do \u00e8 rinomato per l'organizzazione di indimenticabili weekend di addio al celibato. Sappiamo cosa rende speciale un addio al celibato e portiamo la stessa energia ed eccitazione ad Albufeira.<\/p>\n\n\n\n<p>Le nostre opzioni di prenotazione flessibili<strong> per organizzare il vostro addio al celibato senza stress,<\/strong> lasciandovi concentrare sul divertimento. In quanto azienda finanziariamente sicura, il vostro investimento \u00e8 al sicuro con noi.<\/p>\n\n\n\n<p><\/p>\n\n\n\n<figure class=\"wp-block-image size-full\"><img loading=\"lazy\" decoding=\"async\" width=\"2000\" height=\"1329\" src=\"https:\/\/albufeirastagdo.com\/wp-content\/uploads\/albufeira-6-scaled.webp\" alt=\"Porto di Marina di Albufeira\" class=\"wp-image-1076\" srcset=\"https:\/\/albufeirastagdo.com\/wp-content\/uploads\/albufeira-6-scaled.webp 2000w, https:\/\/albufeirastagdo.com\/wp-content\/uploads\/albufeira-6-scaled-300x199.webp 300w, https:\/\/albufeirastagdo.com\/wp-content\/uploads\/albufeira-6-scaled-1024x680.webp 1024w, https:\/\/albufeirastagdo.com\/wp-content\/uploads\/albufeira-6-scaled-768x510.webp 768w, https:\/\/albufeirastagdo.com\/wp-content\/uploads\/albufeira-6-scaled-1536x1021.webp 1536w, https:\/\/albufeirastagdo.com\/wp-content\/uploads\/albufeira-6-scaled-18x12.webp 18w\" sizes=\"auto, (max-width: 2000px) 100vw, 2000px\" \/><figcaption class=\"wp-element-caption\">Porto di Marina di Albufeira.<\/figcaption><\/figure>\n\n\n\n<p>Siamo orgogliosi di fornire un servizio eccellente a prezzi competitivi e di mantenere un'ottima reputazione.<strong> forti relazioni con i nostri partner locali<\/strong>. Questi partner offrono una vasta gamma di esperienze, che vanno dal godere delle splendide spiagge di Albufeira alla sua vivace vita notturna.<\/p>\n\n\n\n<h1 class=\"wp-block-heading\">Il nostro approccio personalizzato<\/h1>\n\n\n\n<p>Sappiamo che ogni gruppo \u00e8 unico, per questo personalizziamo il vostro weekend di addio al celibato ad Albufeira in base al vostro stile. Ascoltando le vostre preferenze, <strong>creiamo un'esperienza unica nel suo genere <\/strong>che risuona con il vostro gruppo.<\/p>\n\n\n\n<p>Il nostro team dedicato si occupa di <strong>tutta la pianificazione e la logistica<\/strong>garantendo un'esperienza senza problemi e senza costi nascosti.<\/p>\n\n\n\n<figure class=\"wp-block-image size-large\"><img decoding=\"async\" src=\"https:\/\/albufeirastagdo.com\/wp-content\/uploads\/cityscape-view-on-the-old-town-with-beautiful-white-houses-on-the-rocks-in-albufeira-city-1024x683.webp\" alt=\"Paesaggio della citt\u00e0 vecchia con belle case bianche sulle rocce nella citt\u00e0 di Albufeira nel sud del Portogallo\" class=\"wp-image-1083\"\/><figcaption class=\"wp-element-caption\">Vista del paesaggio urbano del centro storico con le belle case bianche sulle rocce della citt\u00e0 di Albufeira.<\/figcaption><\/figure>\n\n\n\n<p>Grazie all'assistenza continua, qualsiasi domanda o problema durante il vostro soggiorno ad Albufeira sar\u00e0 prontamente affrontato. <strong>Vi forniamo tutte le informazioni necessarie<\/strong> per immergersi appieno nello spirito vivace di questa citt\u00e0 vibrante.<\/p>\n\n\n\n<h1 class=\"wp-block-heading\">Organizzate l'addio al celibato definitivo con noi!<\/h1>\n\n\n\n<p><br>Sfruttate la nostra vasta esperienza e le nostre conoscenze locali per evitare gli errori pi\u00f9 comuni, risparmiando tempo e denaro.<\/p>\n\n\n\n<p>Lasciate che vi aiutiamo a organizzare la festa pi\u00f9 bella per gli ultimi giorni di addio al celibato. Contattateci oggi stesso per iniziare a pianificare un weekend indimenticabile ad Albufeira.<\/p>\n\n\n\n<p>Siete interessati ad altre destinazioni per l'addio al celibato? Consultate il nostro elenco qui sotto:<\/p>\n\n\n\n<ul class=\"wp-block-list\">\n<li><a href=\"https:\/\/amsterdam-stag-do.com\/\">Addio al celibato ad Amsterdam<\/a><\/li>\n\n\n\n<li><a href=\"https:\/\/berlin-stag-do.com\/\">Addio al celibato a Berlino<\/a><\/li>\n\n\n\n<li><a href=\"https:\/\/hamburgstagdo.com\/\">Addio al celibato ad Amburgo<\/a><\/li>\n\n\n\n<li><a href=\"https:\/\/hvarstagdo.com\/\">Addio al celibato a Hvar<\/a><\/li>\n\n\n\n<li><a href=\"https:\/\/lisbonstagdo.com\/\">Addio al celibato a Lisbona<\/a><\/li>\n\n\n\n<li><a href=\"https:\/\/munichstagdo.com\/\">Addio al celibato a Monaco<\/a><\/li>\n\n\n\n<li><a href=\"https:\/\/prague-stag-do.com\/\">Addio al celibato a Praga<\/a><\/li>\n\n\n\n<li><a href=\"https:\/\/riga-stag-do.com\/\">Addio al celibato a Riga<\/a><\/li>\n\n\n\n<li><a href=\"https:\/\/stagpartyljubljana.com\/\">Addio al celibato a Lubiana<\/a><\/li>\n\n\n\n<li><a href=\"https:\/\/ibizastagdo.com\">Addio al celibato a Ibiza<\/a><\/li>\n\n\n\n<li><a href=\"https:\/\/benidorm-stag-do.com\/\">Addio al celibato a Benidorm<\/a><\/li>\n\n\n\n<li><a href=\"https:\/\/budapest-stag-do.com\/\">Addio al celibato a Budapest<\/a><\/li>\n\n\n\n<li><a href=\"https:\/\/stagdovegas.com\/\">Addio al celibato a Las Vegas<\/a><\/li>\n\n\n\n<li><a href=\"https:\/\/stagdobarcelona.com\/\">Addio al celibato a Barcellona<\/a><\/li>\n\n\n\n<li><a href=\"https:\/\/stagdozagreb.com\/\">Addio al celibato a Zagabria<\/a><\/li>\n\n\n\n<li><a href=\"https:\/\/splitstagdo.com\/\">Addio al celibato a Spalato<\/a><\/li>\n\n\n\n<li><a href=\"https:\/\/dubrovnikstagdo.com\/\">Addio al celibato a Dubrovnik<\/a><\/li>\n\n\n\n<li><a href=\"https:\/\/madridstagdo.com\/\">Addio al celibato a Madrid<\/a><\/li>\n\n\n\n<li><a href=\"https:\/\/bucharest-stag-do.com\/\">Addio al celibato a Bucarest<\/a><\/li>\n\n\n\n<li><a href=\"https:\/\/dublinstagdo.com\/\">Addio al celibato a Dublino<\/a><\/li>\n\n\n\n<li><a href=\"https:\/\/stagdokrakow.com\/\">Addio al celibato a Cracovia<\/a><\/li>\n<\/ul>","protected":false},"excerpt":{"rendered":"<p>Noi di Albufeira Stag Do ci impegniamo a trasformare il vostro weekend di addio al celibato ad Albufeira in un'avventura straordinaria. Comprendiamo la complessit\u00e0 dell'organizzazione di un addio al celibato, ma con la nostra esperienza sarete nelle mani migliori. La nostra promessa di un servizio eccezionale Ci impegniamo a fornire un servizio eccezionale e un'esperienza perfetta durante il vostro soggiorno. Lavoriamo ... <a href=\"https:\/\/albufeirastagdo.com\/it\/chi-siamo\/\">Continua<\/a><\/p>","protected":false},"author":36,"featured_media":1085,"parent":0,"menu_order":0,"comment_status":"closed","ping_status":"closed","template":"","meta":{"_acf_changed":false,"footnotes":""},"class_list":["post-39","page","type-page","status-publish","has-post-thumbnail","hentry"],"acf":{"page_subheading":"Meet the team behind Albufeira stag do, bringing expertise and personalized service to ensure your Albufeira stag weekend is unforgettable."},"_links":{"self":[{"href":"https:\/\/albufeirastagdo.com\/it\/wp-json\/wp\/v2\/pages\/39","targetHints":{"allow":["GET"]}}],"collection":[{"href":"https:\/\/albufeirastagdo.com\/it\/wp-json\/wp\/v2\/pages"}],"about":[{"href":"https:\/\/albufeirastagdo.com\/it\/wp-json\/wp\/v2\/types\/page"}],"author":[{"embeddable":true,"href":"https:\/\/albufeirastagdo.com\/it\/wp-json\/wp\/v2\/users\/36"}],"replies":[{"embeddable":true,"href":"https:\/\/albufeirastagdo.com\/it\/wp-json\/wp\/v2\/comments?post=39"}],"version-history":[{"count":6,"href":"https:\/\/albufeirastagdo.com\/it\/wp-json\/wp\/v2\/pages\/39\/revisions"}],"predecessor-version":[{"id":7276,"href":"https:\/\/albufeirastagdo.com\/it\/wp-json\/wp\/v2\/pages\/39\/revisions\/7276"}],"wp:featuredmedia":[{"embeddable":true,"href":"https:\/\/albufeirastagdo.com\/it\/wp-json\/wp\/v2\/media\/1085"}],"wp:attachment":[{"href":"https:\/\/albufeirastagdo.com\/it\/wp-json\/wp\/v2\/media?parent=39"}],"curies":[{"name":"wp","href":"https:\/\/api.w.org\/{rel}","templated":true}]}}