{"id":41,"date":"2023-01-16T13:14:25","date_gmt":"2023-01-16T13:14:25","guid":{"rendered":"https:\/\/albufeirastagdo.com\/terms-of-service\/"},"modified":"2026-03-13T10:50:01","modified_gmt":"2026-03-13T10:50:01","slug":"condizioni-di-servizio","status":"publish","type":"page","link":"https:\/\/albufeirastagdo.com\/it\/condizioni-di-servizio\/","title":{"rendered":"Termini di servizio"},"content":{"rendered":"<p>General terms and conditions are the fundamental part of this booking agreement, concluded between Nomio d.o.o. (hereinafter referred to as \u201cCompany\u201d) and their clients. Nomio d.o.o. is an umbrella brand for a multitude of brands listed on the Europe Stag Do website. Once the Client completes the booking, it is presumed that they accept these&nbsp; General Terms and Conditions.<\/p>\n\n\n\n<p>Il Cliente accetta i presenti Termini e Condizioni ordinando i servizi alla Societ\u00e0 tramite sito web, e-mail, telefono, effettuando un pagamento senza preordine o in qualsiasi altro modo.<\/p>\n\n\n\n<p>The Client is responsible for all the costs and consequences which may occur due to incorrect information they have provided when making a booking.<\/p>\n\n\n\n<p>Il marchio della Societ\u00e0, il sito web e tutti i suoi componenti (codice di programmazione, design, fotografie, testi, ecc.) e tutte le sottopagine sono propriet\u00e0 intellettuale dei proprietari della Societ\u00e0 e quindi protetti da copyright. Qualsiasi copia, utilizzo o abuso del marchio e\/o del sito web e dei suoi componenti \u00e8 soggetto a controversia secondo le leggi locali.<\/p>\n\n\n\n<p>Ci impegniamo a fare del nostro meglio per fornire informazioni aggiornate e accurate sul sito web della Societ\u00e0. Tuttavia, non possiamo essere ritenuti responsabili per errori, omissioni o risultati che possono essere ottenuti da un uso improprio o da un'incomprensione di queste informazioni. Ci riserviamo il diritto di correggere gli errori non appena ci vengono segnalati e, pi\u00f9 in generale, di modificare in qualsiasi momento, senza preavviso, in tutto o in parte il sito web e i presenti Termini e condizioni, senza alcuna responsabilit\u00e0 che ne possa derivare. Si applicheranno i termini e le condizioni pi\u00f9 attuali al momento della partenza.<\/p>\n\n\n\n<p>Il sito web pu\u00f2 contenere link ad altri siti che non sono di nostra propriet\u00e0. Non possiamo in alcun modo essere ritenuti responsabili per la fornitura di questi link per accedere a tali siti e fonti esterne, e non possiamo accettare alcuna responsabilit\u00e0 per il contenuto, la pubblicit\u00e0, i prodotti, i servizi o altri materiali presenti o disponibili su questi siti o fonti esterne che non sono n\u00e9 approvati n\u00e9 verificati dal nostro team.<\/p>\n\n\n\n<p>Tutte le foto sono simboliche.<\/p>\n\n\n\n<p>All information submitted by the Client at any time will be used only for the purpose of the Client\u2019s booking. Outside of that, it will be kept private and confidential, except when applicable by law.<\/p>\n\n\n\n<p>All information submitted by the Company (websites, promotional material, other agencies\u2019 information) are strictly informative and are subject to cancellation, change or modification due to heavy traffic, force majeure or other unforeseen circumstances.<\/p>\n\n\n\n<h2 class=\"wp-block-heading\">Termini utilizzati e relative spiegazioni<\/h2>\n\n\n\n<p><strong>Pacchetto<\/strong>&nbsp;&#8211; The entire service package the Client booked, defined as a tour, day trip, or holiday.<\/p>\n\n\n\n<p><strong>Attivit\u00e0<\/strong>&nbsp;&#8211; an individual activity or an activity inside the package.<\/p>\n\n\n\n<p><strong>100% Money-Back Guaranteed<\/strong>&nbsp;\u2013 If we can\u2019t deliver the service as promised and the Client is not satisfied, they should communicate the complaint directly to our staff in less than 24 hours after the activity. If we agree on the issue, the Client can get the money back paid for that specific activity, but not for the whole package.<\/p>\n\n\n\n<p><strong>Best Price Guarantee<\/strong>&nbsp;&#8211; We try to offer the best possible prices. In case competitors offer exactly the same activity or package at a lower rate, we would try to match their price if that&#8217;s possible. This is not applicable after the booking was confirmed.<\/p>\n\n\n\n<h2 class=\"wp-block-heading\">Prenotazione e pagamenti<\/h2>\n\n\n\n<p>If the client is booking more than 60 days in advance of the travel date for a package or activity with a total price of 500 \u20ac or more, we require the payment of a minimum 25% deposit at the time of booking confirmation and the remaining balance to be paid 60 days prior to the departure date.<\/p>\n\n\n\n<p>If the client is booking within 60 days of the departure date, full payment will be due at the time of booking confirmation.<\/p>\n\n\n\n<p>Il pagamento deve essere effettuato nei modi e nei tempi indicati sul sito web, salvo accordi diversi.<\/p>\n\n\n\n<p>We cannot guarantee any availability on the required date and time before the payment or deposit is finalized.<br><br>If full payment is not received 60 days prior to the departure date, we reserve the right to cancel the activity or package and deem the deposit non refundable regardless of the Client\u2019s Cancellation Insurance.<\/p>\n\n\n\n<p>If the client makes a late payment before the booking is cancelled by us, the client is obliged to pay a late fee of 19 \u20ac per day from the first day after the due date unless a different agreement has been made in writing.<\/p>\n\n\n\n<p>If the client fails to cover all payments due (including all fees if any) in full within 7 days of receiving a reminder, we reserve the right to treat the booking as cancelled by the client.<\/p>\n\n\n\n<p>Subject to the availability of chosen arrangements, we will confirm an activity or package by issuing a confirmation invoice. This invoice will be sent to the client who booked the activity or package, regardless of the amount of people in the group. The client must check the invoice carefully and contact us immediately if any information which appears on the confirmation or any other document appears to be incorrect or incomplete.<\/p>\n\n\n\n<h2 class=\"wp-block-heading\">Cancellazione e\/o modifiche<\/h2>\n\n\n\n<p>Depending on the time of cancellation the following cancellation fees apply:<\/p>\n\n\n\n<ul class=\"wp-block-list\">\n<li>75% of the trip costs will be refunded for cancellations up to 60 days before departure.<\/li>\n\n\n\n<li>50% del costo del viaggio sar\u00e0 rimborsato per cancellazioni tra 31-60 giorni prima della partenza.<\/li>\n\n\n\n<li>Nessuna (0%) delle spese di viaggio sar\u00e0 rimborsata in caso di cancellazione con meno di 30 giorni di preavviso dalla partenza o di mancata presentazione.<\/li>\n<\/ul>\n\n\n\n<p>For cancelled reservations we can apply your cancellation penalties to a future reservation. This credit will be valid for travel within one year of the cancellation date.<\/p>\n\n\n\n<p>La prenotazione effettuata dal Cliente \u00e8 obbligatoria e pertanto \u00e8 possibile per il Cliente cancellare la propria prenotazione esclusivamente in base alle presenti Condizioni Generali.<\/p>\n\n\n\n<p>If the payment was made online or by credit card or via a payment link, we reserve the right to keep a 5% processing fee in case of refunding a cancellation made by the Client.<\/p>\n\n\n\n<p>Sebbene sia improbabile, i nostri servizi possono essere cancellati o modificati dalla Societ\u00e0 a causa della mancanza del numero minimo di partecipanti o di altre circostanze impreviste. La Societ\u00e0 si riserva il diritto di cancellare o modificare i tour. Nel caso in cui uno dei nostri servizi venga cancellato o modificato, sarete informati il prima possibile.<\/p>\n\n\n\n<p>The Company reserves the right to cancel, change or modify any facilities without notice, including changing or altering venues, routes and prices. In the event of a change, the Company will endeavour to substitute alternative arrangements of comparable monetary value without compensation and accepts no liability for loss of enjoyment as a result of these changes. All this is done for the best possible experience of our clients.<\/p>\n\n\n\n<p>Se non potete partecipare a un tour o a un'attivit\u00e0, o se noi non siamo in grado di offrire un tour o un'attivit\u00e0, a causa di una circostanza al di fuori del nostro controllo o di un evento di forza maggiore, la Societ\u00e0 non ha alcuna responsabilit\u00e0 per le cancellazioni e non avrete diritto ad alcun rimborso.<\/p>\n\n\n\n<p>Una volta che un tour\/attivit\u00e0 \u00e8 gi\u00e0 in corso, la Societ\u00e0 non offre alcun rimborso se il nostro personale ritiene che le condizioni non consentano una continuazione sicura in caso di condizioni meteorologiche estreme o di qualsiasi altra forza maggiore.<\/p>\n\n\n\n<p>Alcune attivit\u00e0 e attrazioni dei tour sono condizionate dalle condizioni meteorologiche e dagli orari di apertura, pertanto la Compagnia si riserva il diritto di modificare il programma del tour (itinerario), ma cercher\u00e0 di informare il Cliente della modifica il prima possibile.<\/p>\n\n\n\n<p>If the Client fails to have proper gear which is required for a certain tour\/activity, the Company or their representative reserves the right to refuse the Client\u2019s participation in the tour\/activity, without a chance of refund.<\/p>\n\n\n\n<p>Prima della conferma della prenotazione, il Cliente pu\u00f2 apportare gratuitamente modifiche alla prenotazione. Cercheremo di accogliere modifiche e richieste aggiuntive dopo la conferma della prenotazione, tuttavia la disponibilit\u00e0 non pu\u00f2 essere garantita. La Societ\u00e0 si riserva il diritto di addebitare un supplemento in caso di modifiche alla prenotazione dopo il versamento del deposito.<\/p>\n\n\n\n<p>Your package content, services and price are included in the final offer. The final offer stands as a confirmation statement of selected services and is a part of the Company\u2019s contract with the Client. The package price does not include (unless agreed otherwise):<\/p>\n\n\n\n<ul class=\"wp-block-list\">\n<li>escursioni e visite facoltative (non obbligatorie\/aggiuntive),<\/li>\n\n\n\n<li>costi per l'ottenimento e il rilascio dei visti, se presenti,<\/li>\n\n\n\n<li>cibo e bevande e altri servizi extra,<\/li>\n\n\n\n<li>assicurazione di viaggio,<\/li>\n\n\n\n<li>qualsiasi altro servizio non specificato nell'offerta.<\/li>\n<\/ul>\n\n\n\n<p>Tutti i tipi di servizi speciali in loco (camera singola all'ultimo minuto, dieta speciale, ecc.) sono a carico del Cliente e devono essere ordinati al momento della prenotazione. Se il Cliente richiede un servizio speciale durante il tour\/attivit\u00e0, dovr\u00e0 pagarlo direttamente alla guida o al rappresentante della Compagnia, nella valuta del rispettivo Paese. Ci riserviamo il diritto di aumentare il prezzo e il diritto di cancellazione.<\/p>\n\n\n\n<p>Tutti i prezzi sono espressi in \u20ac (euro) se non diversamente indicato.<\/p>\n\n\n\n<p>La Societ\u00e0 pu\u00f2 chiedere un aumento del prezzo contrattuale nel caso in cui, dopo la stipula del contratto, si verifichi quanto segue:<\/p>\n\n\n\n<ul class=\"wp-block-list\">\n<li>Una variazione del tasso di cambio rispetto alla data di pubblicazione del programma,<\/li>\n\n\n\n<li>Una variazione dei costi di trasporto (carburante, pedaggio stradale, ecc.),<\/li>\n\n\n\n<li>A change in hotels or carriers\u2019 fees.<\/li>\n<\/ul>\n\n\n\n<p>The Company can inform customers of the change verbally or in writing. The Client may cancel the tour free of charge if the changed price is more than 10% higher, at the latest within 48 hours after the notice. If the customer fails to cancel the tour within the stated term, it shall be deemed that they agree to the changed price. The published prices are the result of the Company\u2019s contract with suppliers\/partners and they may not correspond to the prices stated on the spot, at the Client\u2019s destination.<\/p>\n\n\n\n<p>Nel caso in cui il Cliente arrivi in ritardo a un'attivit\u00e0, cercheremo sempre di fornirvi l'attivit\u00e0 pi\u00f9 tardi di quanto originariamente previsto, ma se ci\u00f2 non fosse possibile, non avrete diritto a un rimborso. Se sapete che sarete in ritardo, vi preghiamo di informarci il prima possibile.<\/p>\n\n\n\n<p>Se per qualsiasi motivo si desidera terminare un'attivit\u00e0 in anticipo, non si ha diritto a un rimborso o a uno sconto.<\/p>\n\n\n\n<p>La Societ\u00e0 si riserva il diritto assoluto di rifiutare una prenotazione a propria discrezione per qualsiasi motivo e in qualsiasi momento. I clienti accettano l'autorit\u00e0 e le decisioni dei nostri dipendenti, guide e affiliati.<\/p>\n\n\n\n<p>La Societ\u00e0 si riserva il diritto di cancellare un tour o le attivit\u00e0 in qualsiasi circostanza, ma cercher\u00e0 di evitarlo a meno che non sia assolutamente necessario.<\/p>\n\n\n\n<p>The Company is not accountable for any other bookings made by the Client with other providers, such as tours, transfers, flights, etc. If in the event of a changed itinerary, the Company does not guarantee any time of tour departure or arrival.<\/p>\n\n\n\n<p><strong>Assicurazione di base per l'annullamento<\/strong><\/p>\n\n\n\n<p>The client can buy Cancellation Insurance upon booking as a guarantee that covers the total price of the activity or package which includes most service fees and charges. The client gets a full refund in case of cancellation due to unforeseen circumstances.<\/p>\n\n\n\n<p>L'assicurazione di annullamento copre quanto segue:<br>Illness &#8211; A physical or mental condition confirmed by a doctor that prevents you from attending the booked package.<br>Injury &#8211; A bodily injury confirmed by a doctor that prevents you from attending the booked package.<br>Death &#8211; or death of your close relatives.<\/p>\n\n\n\n<p>The condition for a refund is written cancellation within 48 hours after the reason for the cancellation occurs. The client who has purchased Cancellation Insurance can cancel at the latest 72 hours before the start of activity or package to be eligible for a refund.<\/p>\n\n\n\n<p>\u00c8 necessario fornire la documentazione richiesta entro 15 giorni dalla cancellazione. Dopo aver ricevuto la documentazione completa e averne confermato la validit\u00e0, vi restituiremo il denaro entro 90 giorni.<\/p>\n\n\n\n<p>Documentation should include a valid certificate of inability to travel, from which it is clear that the client was not able to travel on dates for which the activity or package was booked.<\/p>\n\n\n\n<p>In groups of 5 or more that are not members of the same family, maximum 30% of the group members are eligible to get the money back &#8211; for example if the group consists of 10 people, max 3 people can get the refund.<\/p>\n\n\n\n<p>Il mancato rispetto delle scadenze di pagamento senza preavviso non \u00e8 coperto dall'assicurazione di annullamento.<\/p>\n\n\n\n<p>We don\u2019t refund costs of Cancellation Insurance and payment fees.<\/p>\n\n\n\n<p><br><strong>Premium Cancellation Insurance &#8211; Cancel for any reason (CFAR) Insurance<\/strong><\/p>\n\n\n\n<p>The client can buy CFAR Insurance as a guarantee that covers the total price of the activity or package which includes most service fees and charges. The client gets a refund in case of cancellation for any reason, the amount depending on the time frame of the cancellation.<\/p>\n\n\n\n<p>The condition for a refund is written cancellation 72 hours before the start of activity or package.<\/p>\n\n\n\n<p>30% of accommodation costs are non-refundable if cancelled less than 45 days before the start of the package.<\/p>\n\n\n\n<p>We don\u2019t refund costs of CFAR Insurance and payment fees.<\/p>\n\n\n\n<p><strong>COVID-19 \/ Rimborso per circostanze estreme<\/strong><\/p>\n\n\n\n<p>In the event of the government closing borders or any other official restrictions that prevent travel to Slovenia on your chosen dates, we offer either a date change free of charge or a refund (except for minimum administrative costs, credit card fees and possible penalty fees from the accommodation providers &#8211; no more than 30% of the accommodation price). In case of a date change, we reserve the right to adjust the booking price according to a potential price change of any part of the Client\u2019s offer.<\/p>\n\n\n\n<h2 class=\"wp-block-heading\">Sicurezza e privacy<\/h2>\n\n\n\n<p>All clients are responsible for their own safety and well-being. We don\u2019t encourage any of our clients to engage in any dangerous activity or to drink excessively. The Company cannot accept any responsibility if the Client for example drinks too much or engages in dangerous activities and suffers injury, illness, death, loss or damage as a result.<\/p>\n\n\n\n<p>All clients should thoroughly evaluate their physical capabilities and mental capacities for participation in tours by the Company before their booking. In case of incapability, the Company can deny the Client\u2019s participation.<\/p>\n\n\n\n<p>All venue partners (including activities, bars, restaurants, clubs, accommodations&#8230;) reserve the right to refuse the Client\u2019s entry or remove them from activities\/venues due to various reasons such as the Client being drunk, disorderly, aggressive, abusive or practicing any anti-social behavior. The Company accepts no liability in mentioned events and refunds are not possible in such circumstances.<\/p>\n\n\n\n<p>Some programs include alcohol consumption and are suitable only for participants aged 18 years or older. Proof of age must be provided at the time of participation. As proof of age, we only accept official identification such as Passport, driver\u2019s license and other proof of age (18 plus) cards. Unacceptable identification includes photocopies, student cards and other non-government-issued identification.<\/p>\n\n\n\n<p>By making a booking every client agrees that the Company has the right to publish all the photos and videos that were made during the program (the photos and videos could include every client) in promotional and commercial intentions. If the Client does not agree, they should state that before the beginning of a tour\/activity.<\/p>\n\n\n\n<p>We encourage all clients to purchase Travel Insurance to protect their financial investment.<\/p>\n\n\n\n<h2 class=\"wp-block-heading\">Reclami<\/h2>\n\n\n\n<p>Se il cliente ha un reclamo, deve portarlo subito all'attenzione della guida turistica o dell'agente di prenotazione. In questo modo il nostro team ha la possibilit\u00e0 di correggere la situazione dopo aver valutato il reclamo. Eventuali modifiche al tour nell'interesse della soddisfazione del Cliente possono essere apportate solo se il reclamo viene presentato durante il tour. I reclami presentati in un momento successivo non saranno presi in considerazione. Se il reclamo viene presentato durante il tour e il problema rimane irrisolto, un altro reclamo deve essere presentato per iscritto alla Societ\u00e0 entro 24 ore dal completamento del tour.<\/p>\n\n\n\n<p>In alcuni casi, la Societ\u00e0 \u00e8 un intermediario tra il Cliente e un fornitore di servizi. Sebbene il nostro team si dedichi a trovare e fornire solo i servizi migliori per voi, non possiamo essere ritenuti responsabili di errori, contrattempi o negligenze commessi da terze persone. In caso di problemi con i servizi offerti dai nostri fornitori\/partner, dovrete risolverli direttamente con loro.<\/p>\n\n\n\n<h2 class=\"wp-block-heading\">Obblighi<\/h2>\n\n\n\n<p>All clients must follow the instructions by the Company, stated in correspondence, product\u2019s webpage\/brochure or instructions by the Company\u2019s guide.<\/p>\n\n\n\n<p>La Societ\u00e0 si riserva il diritto di annullare il programma in qualsiasi momento se il Cliente non obbedisce alle istruzioni della guida turistica e sembra mettere in pericolo lo svolgimento sicuro e confortevole del tour, che il Cliente pu\u00f2 essere escluso da tutto o parte del tour. In questo caso, il Cliente non ha diritto ad alcun rimborso e deve coprire eventuali costi aggiuntivi sostenuti dal Cliente.<\/p>\n\n\n\n<p>Clients need to disclose any pertinent information that could potentially affect the experience or other clients. In case crucial information is not disclosed to the Company prior to the experience and this causes any additional costs, the Client is obliged to cover them.<\/p>\n\n\n\n<p>All clients are expected to obey local laws and regulations and any failure to do so will relieve the Company of all obligations that they may otherwise have under these booking conditions. Any damage or losses caused by the Client is the responsibility of the Client. Full payment for any such damage or loss must be paid at the time directly to the supplier or the Company. If the Client fails to do so, they will be responsible for meeting any claims (including legal costs).<\/p>\n\n\n\n<p>All clients need to have a valid identification document with them at all times. As stated by the law, every Slovenian citizen or country\u2019s visitor is obliged to have a valid ID present, and if asked to be identified by the police, the Client is aware that they could be charged with a penalty if they failed to do so.<\/p>\n\n\n\n<h2 class=\"wp-block-heading\">Esonero di responsabilit\u00e0<\/h2>\n\n\n\n<p>La Societ\u00e0 non \u00e8 responsabile per lesioni fisiche o danni alla propriet\u00e0 in conseguenza di (ma non solo): sforzi fisici per i quali il Cliente non \u00e8 preparato; forze della natura (forza maggiore); collisioni con biciclette, pedoni o automobili; condizioni delle strade, compresa, ma non solo, la mancanza di sponde e di superfici stradali colpite dalle condizioni atmosferiche; viaggio in aereo, treno, auto, barca o altro mezzo di trasporto, o in bicicletta, sci, cavallo, piedi, o altre forme di viaggio attivo o d'avventura; consumo di bevande alcoliche; disordini civili; terrorismo; guasti alle attrezzature; alta quota; mancanza o accesso limitato all'assistenza medica in luoghi remoti o all'adeguatezza dell'assistenza medica una volta fornita.<\/p>\n\n\n\n<p>I clienti che non forniscono una liberatoria firmata prima della partenza non potranno partecipare al viaggio e verr\u00e0 applicata la politica di cancellazione standard.<\/p>\n\n\n\n<h2 class=\"wp-block-heading\">Limitazioni di responsabilit\u00e0<\/h2>\n\n\n\n<p>The Company is not liable for Client\u2019s extra expenses such as meals, transportation or extra hotel costs that are not included in the trip cost but may be required to get to or from a trip start or end. The Company reserves the right to make route and hotel modifications if necessary to improve the quality of a trip or to accommodate the comfort and wellbeing of Clients.<\/p>\n\n\n\n<p>Lost Belongings: The Company is not responsible for Client\u2019s loss of passports, tickets and any other documents, as well as the loss of or damage to luggage, personal property or other belongings.<\/p>\n\n\n\n<p>I Termini e le Condizioni Generali e il rapporto tra il Cliente e la Societ\u00e0 saranno disciplinati dalle leggi locali senza tener conto delle disposizioni in materia di conflitto di leggi. Il Cliente e la Societ\u00e0 accettano di sottoporsi alla giurisdizione esclusiva del tribunale competente situato a Lubiana, Slovenia.<\/p>\n\n\n\n<p>Una volta che il Cliente completa o conferma la prenotazione, si presume che accetti le presenti Condizioni Generali.<\/p>\n\n\n\n<p><strong>Nomio d.o.o.<\/strong>; Ob Farjevcu 50, 1000 Ljubljana Slovenia; Tax number: SI94485186; Company registration number: 9768777000. Tour Organiser Licence: 2663, Tourist Agent Licence: 2664.<\/p>\n\n\n\n<p>Informazioni per il bonifico bancario:<\/p>\n\n\n\n<p>IBAN: SI56 0284 3026 6896 844<\/p>\n\n\n\n<p>BIC: LJBASI2X<\/p>\n\n\n\n<p>Address: Ob Farjevcu 50, 1000 Ljubljana<\/p>\n\n\n\n<p>Bank: NLB d.d.<\/p>\n\n\n\n<p>Terms of Service shall take effect on the date of 27.05.2022.<\/p>","protected":false},"excerpt":{"rendered":"<p>General terms and conditions are the fundamental part of this booking agreement, concluded between Nomio d.o.o. (hereinafter referred to as \u201cCompany\u201d) and their clients. Nomio d.o.o. is an umbrella brand for a multitude of brands listed on the Europe Stag Do website. Once the Client completes the booking, it is presumed that they accept these&nbsp; &hellip; <a href=\"https:\/\/albufeirastagdo.com\/it\/condizioni-di-servizio\/\">Continua<\/a><\/p>","protected":false},"author":36,"featured_media":1087,"parent":0,"menu_order":0,"comment_status":"open","ping_status":"open","template":"","meta":{"_acf_changed":false,"footnotes":""},"class_list":["post-41","page","type-page","status-publish","has-post-thumbnail","hentry"],"acf":{"page_subheading":""},"_links":{"self":[{"href":"https:\/\/albufeirastagdo.com\/it\/wp-json\/wp\/v2\/pages\/41","targetHints":{"allow":["GET"]}}],"collection":[{"href":"https:\/\/albufeirastagdo.com\/it\/wp-json\/wp\/v2\/pages"}],"about":[{"href":"https:\/\/albufeirastagdo.com\/it\/wp-json\/wp\/v2\/types\/page"}],"author":[{"embeddable":true,"href":"https:\/\/albufeirastagdo.com\/it\/wp-json\/wp\/v2\/users\/36"}],"replies":[{"embeddable":true,"href":"https:\/\/albufeirastagdo.com\/it\/wp-json\/wp\/v2\/comments?post=41"}],"version-history":[{"count":4,"href":"https:\/\/albufeirastagdo.com\/it\/wp-json\/wp\/v2\/pages\/41\/revisions"}],"predecessor-version":[{"id":7278,"href":"https:\/\/albufeirastagdo.com\/it\/wp-json\/wp\/v2\/pages\/41\/revisions\/7278"}],"wp:featuredmedia":[{"embeddable":true,"href":"https:\/\/albufeirastagdo.com\/it\/wp-json\/wp\/v2\/media\/1087"}],"wp:attachment":[{"href":"https:\/\/albufeirastagdo.com\/it\/wp-json\/wp\/v2\/media?parent=41"}],"curies":[{"name":"wp","href":"https:\/\/api.w.org\/{rel}","templated":true}]}}