{"id":614,"date":"2023-10-03T07:52:44","date_gmt":"2023-10-03T07:52:44","guid":{"rendered":"https:\/\/albufeirastagdo.com\/?page_id=614"},"modified":"2023-12-08T14:52:40","modified_gmt":"2023-12-08T14:52:40","slug":"come-raggiungere-albufeira","status":"publish","type":"page","link":"https:\/\/albufeirastagdo.com\/it\/come-raggiungere-albufeira\/","title":{"rendered":"Come arrivare ad Albufeira"},"content":{"rendered":"<p>Sia che stiate pianificando un ritiro rilassato o un weekend di addio al celibato ricco di azione, raggiungere Albufeira \u00e8 semplice e conveniente. Questa guida vi aiuter\u00e0 a trovare i modi migliori per raggiungere questo gioiello baciato dal sole della costa portoghese dell'Algarve.<\/p>\n\n\n\n<h1 class=\"wp-block-heading\">Volare ad Albufeira<\/h1>\n\n\n\n<p>Il modo pi\u00f9 diretto e veloce per raggiungere Albufeira \u00e8 volare su <strong>Aeroporto di Faro<\/strong>, l'aeroporto internazionale pi\u00f9 vicino. L'aeroporto di Faro \u00e8 ben collegato con le principali citt\u00e0 europee, tra cui Londra. Numerose compagnie aeree operano voli per Faro, da quelle economiche come Ryanair e easyJet a quelle a servizio completo come British Airways.<\/p>\n\n\n\n<p><br><\/p>\n\n\n\n<figure class=\"wp-block-image size-large\"><img decoding=\"async\" src=\"https:\/\/albufeirastagdo.com\/wp-content\/uploads\/albuferia-1024x682.webp\" alt=\"Antenna da Praia da Marinha in Algarve Portogallo\" class=\"wp-image-1069\"\/><figcaption class=\"wp-element-caption\">Antenna di Praia da Marinha, in Algarve, Portogallo.<\/figcaption><\/figure>\n\n\n\n<p>Al vostro arrivo a Faro, possiamo <a href=\"https:\/\/albufeirastagdo.com\/it\/\">organizzare un trasferimento per venirvi a prendere<\/a> dall'aeroporto e vi trasporter\u00e0 al vostro alloggio ad Albufeira, assicurandovi un inizio tranquillo della vostra avventura di addio al celibato.<\/p>\n\n\n\n<h1 class=\"wp-block-heading\">Guidare fino ad Albufeira<\/h1>\n\n\n\n<p>Per chi preferisce un viaggio su strada, guidare fino ad Albufeira offre viste panoramiche e la flessibilit\u00e0 di <strong>esplorare la regione dell'Algarve al proprio ritmo.<\/strong> La citt\u00e0 \u00e8 ben collegata da autostrade e strade nazionali, il che la rende una destinazione accessibile sia che si noleggi un'auto sia che si guidi la propria.<\/p>\n\n\n\n<h1 class=\"wp-block-heading\">Prendere il treno per Albufeira<\/h1>\n\n\n\n<p>Un'altra opzione conveniente \u00e8 quella di prendere il treno per Albufeira. La stazione ferroviaria della citt\u00e0 \u00e8 <strong>ben collegato a varie citt\u00e0 portoghesi,<\/strong> comprese Lisbona e Porto. Il viaggio in treno offre un modo rilassante e panoramico di viaggiare, consentendo di ammirare gli splendidi paesaggi del Portogallo.<\/p>\n\n\n\n<h1 class=\"wp-block-heading\">Come muoversi ad Albufeira<\/h1>\n\n\n\n<p>Una volta arrivati ad Albufeira, avete diverse opzioni per muovervi in citt\u00e0. Il noleggio di un'auto \u00e8 la soluzione pi\u00f9 flessibile, ma potete anche utilizzare i taxi o i mezzi pubblici per esplorare Albufeira e i suoi dintorni. Per<strong> un'esperienza senza problemi<\/strong>Prendete in considerazione i nostri servizi di trasferimento, in modo che voi e il vostro addio al celibato possiate concentrarvi sull'atmosfera vibrante di Albufeira.<\/p>\n\n\n\n<p><\/p>\n\n\n\n<figure class=\"wp-block-image size-large\"><img decoding=\"async\" src=\"https:\/\/albufeirastagdo.com\/wp-content\/uploads\/picturesque-sky-over-albufeira-beach-1024x682.webp\" alt=\"Un cielo pittoresco sulla spiaggia di Albufeira\" class=\"wp-image-1072\"\/><figcaption class=\"wp-element-caption\">Un cielo pittoresco sulla spiaggia di Albufeira.<\/figcaption><\/figure>\n\n\n\n<p>In conclusione, raggiungere Albufeira \u00e8 comodo e senza problemi, con <strong>molteplici opzioni per soddisfare le vostre preferenze<\/strong> e budget. In aereo, in auto o in treno, vi ritroverete presto in questa vivace citt\u00e0, pronti a iniziare un indimenticabile weekend di addio al celibato.<\/p>","protected":false},"excerpt":{"rendered":"<p>Sia che stiate pianificando un ritiro rilassato o un weekend di addio al celibato ricco di azione, raggiungere Albufeira \u00e8 semplice e conveniente. Questa guida vi aiuter\u00e0 a trovare i modi migliori per raggiungere questo gioiello baciato dal sole della costa portoghese dell'Algarve. Volo per Albufeira Il modo pi\u00f9 diretto e veloce per raggiungere Albufeira \u00e8 volare all'aeroporto di Faro, il ... <a href=\"https:\/\/albufeirastagdo.com\/it\/come-raggiungere-albufeira\/\">Continua<\/a><\/p>","protected":false},"author":36,"featured_media":1071,"parent":0,"menu_order":0,"comment_status":"closed","ping_status":"closed","template":"","meta":{"_acf_changed":false,"footnotes":""},"class_list":["post-614","page","type-page","status-publish","has-post-thumbnail","hentry"],"acf":{"page_subheading":"Discover the best routes to Albufeira for your stag do - explore convenient flights, scenic drives, and local insights for a seamless journey."},"_links":{"self":[{"href":"https:\/\/albufeirastagdo.com\/it\/wp-json\/wp\/v2\/pages\/614","targetHints":{"allow":["GET"]}}],"collection":[{"href":"https:\/\/albufeirastagdo.com\/it\/wp-json\/wp\/v2\/pages"}],"about":[{"href":"https:\/\/albufeirastagdo.com\/it\/wp-json\/wp\/v2\/types\/page"}],"author":[{"embeddable":true,"href":"https:\/\/albufeirastagdo.com\/it\/wp-json\/wp\/v2\/users\/36"}],"replies":[{"embeddable":true,"href":"https:\/\/albufeirastagdo.com\/it\/wp-json\/wp\/v2\/comments?post=614"}],"version-history":[{"count":5,"href":"https:\/\/albufeirastagdo.com\/it\/wp-json\/wp\/v2\/pages\/614\/revisions"}],"predecessor-version":[{"id":1073,"href":"https:\/\/albufeirastagdo.com\/it\/wp-json\/wp\/v2\/pages\/614\/revisions\/1073"}],"wp:featuredmedia":[{"embeddable":true,"href":"https:\/\/albufeirastagdo.com\/it\/wp-json\/wp\/v2\/media\/1071"}],"wp:attachment":[{"href":"https:\/\/albufeirastagdo.com\/it\/wp-json\/wp\/v2\/media?parent=614"}],"curies":[{"name":"wp","href":"https:\/\/api.w.org\/{rel}","templated":true}]}}