{"id":39,"date":"2023-01-16T13:14:25","date_gmt":"2023-01-16T13:14:25","guid":{"rendered":"https:\/\/albufeirastagdo.com\/about-us\/"},"modified":"2026-02-24T09:46:36","modified_gmt":"2026-02-24T09:46:36","slug":"sobre-nos","status":"publish","type":"page","link":"https:\/\/albufeirastagdo.com\/pt\/sobre-nos\/","title":{"rendered":"Sobre n\u00f3s"},"content":{"rendered":"<p>Na Albufeira Stag Do, estamos empenhados em transformar o seu fim de semana de despedida de solteiro em Albufeira numa aventura extraordin\u00e1ria. Compreendemos as complexidades do planeamento de uma despedida de solteiro, mas com a nossa experi\u00eancia, <strong>est\u00e1 nas melhores m\u00e3os<\/strong>.<\/p>\n\n\n\n<h1 class=\"wp-block-heading\">O nosso compromisso de servi\u00e7o excecional<\/h1>\n\n\n\n<p>Comprometemo-nos a fornecer um servi\u00e7o excecional e experi\u00eancias perfeitas durante a sua estadia. Trabalhamos em estreita colabora\u00e7\u00e3o consigo para criar <strong>um itiner\u00e1rio personalizado<\/strong> que reflicta os gostos e interesses \u00fanicos do seu grupo.<\/p>\n\n\n\n<p><\/p>\n\n\n\n<figure class=\"wp-block-image size-large\"><img decoding=\"async\" src=\"https:\/\/albufeirastagdo.com\/wp-content\/uploads\/view-on-famous-resort-albufeira-in-algarve-south-portugal-1024x673.webp\" alt=\"vista sobre a famosa est\u00e2ncia tur\u00edstica de Albufeira, no Algarve, sul de Portugal\" class=\"wp-image-1082\"\/><figcaption class=\"wp-element-caption\">Vista da famosa est\u00e2ncia tur\u00edstica de Albufeira, no Algarve, sul de Portugal.<\/figcaption><\/figure>\n\n\n\n<p>Utilizando o nosso profundo conhecimento de Albufeira, guiamo-lo para as melhores experi\u00eancias, evitando as armadilhas mais comuns. Desde a sele\u00e7\u00e3o de alojamentos privilegiados perto dos locais mais vibrantes de Albufeira at\u00e9 \u00e0 garantia de que as actividades escolhidas s\u00e3o emocionantes e seguras, n\u00f3s tratamos de todos os detalhes.<\/p>\n\n\n\n<h1 class=\"wp-block-heading\">A nossa experi\u00eancia no planeamento de despedidas de solteiro<\/h1>\n\n\n\n<p>Albufeira Stag Do \u00e9 conhecida por organizar fins-de-semana de despedida de solteiro inesquec\u00edveis. Sabemos o que torna uma despedida de solteiro especial e trazemos essa mesma energia e entusiasmo para Albufeira.<\/p>\n\n\n\n<p>As nossas op\u00e7\u00f5es de reserva flex\u00edveis<strong> para organizar a sua despedida de solteiro sem stress,<\/strong> permitindo-lhe concentrar-se na divers\u00e3o. Sendo uma empresa financeiramente segura, o seu investimento est\u00e1 seguro connosco.<\/p>\n\n\n\n<p><\/p>\n\n\n\n<figure class=\"wp-block-image size-full\"><img loading=\"lazy\" decoding=\"async\" width=\"2000\" height=\"1329\" src=\"https:\/\/albufeirastagdo.com\/wp-content\/uploads\/albufeira-6-scaled.webp\" alt=\"Porto da Marina de Albufeira\" class=\"wp-image-1076\" srcset=\"https:\/\/albufeirastagdo.com\/wp-content\/uploads\/albufeira-6-scaled.webp 2000w, https:\/\/albufeirastagdo.com\/wp-content\/uploads\/albufeira-6-scaled-300x199.webp 300w, https:\/\/albufeirastagdo.com\/wp-content\/uploads\/albufeira-6-scaled-1024x680.webp 1024w, https:\/\/albufeirastagdo.com\/wp-content\/uploads\/albufeira-6-scaled-768x510.webp 768w, https:\/\/albufeirastagdo.com\/wp-content\/uploads\/albufeira-6-scaled-1536x1021.webp 1536w, https:\/\/albufeirastagdo.com\/wp-content\/uploads\/albufeira-6-scaled-18x12.webp 18w\" sizes=\"auto, (max-width: 2000px) 100vw, 2000px\" \/><figcaption class=\"wp-element-caption\">Porto da Marina de Albufeira.<\/figcaption><\/figure>\n\n\n\n<p>Orgulhamo-nos de prestar um excelente servi\u00e7o a pre\u00e7os competitivos e de manter<strong> rela\u00e7\u00f5es fortes com os nossos parceiros locais<\/strong>. Estes parceiros oferecem uma s\u00e9rie de experi\u00eancias, desde desfrutar das deslumbrantes praias de Albufeira at\u00e9 \u00e0 sua animada vida nocturna.<\/p>\n\n\n\n<h1 class=\"wp-block-heading\">A nossa abordagem personalizada<\/h1>\n\n\n\n<p>Reconhecemos que cada grupo \u00e9 \u00fanico, e \u00e9 por isso que personalizamos a sua despedida de solteiro em Albufeira de acordo com o seu estilo. Ouvindo as vossas prefer\u00eancias, <strong>criamos uma experi\u00eancia \u00fanica <\/strong>que se identifique com o seu grupo.<\/p>\n\n\n\n<p>A nossa equipa dedicada ocupa-se de <strong>todo o planeamento e log\u00edstica<\/strong>garantindo uma experi\u00eancia sem complica\u00e7\u00f5es e sem custos ocultos.<\/p>\n\n\n\n<figure class=\"wp-block-image size-large\"><img decoding=\"async\" src=\"https:\/\/albufeirastagdo.com\/wp-content\/uploads\/cityscape-view-on-the-old-town-with-beautiful-white-houses-on-the-rocks-in-albufeira-city-1024x683.webp\" alt=\"Vista da cidade velha com belas casas brancas sobre as rochas na cidade de Albufeira, no sul de Portugal\" class=\"wp-image-1083\"\/><figcaption class=\"wp-element-caption\">Vista da cidade velha com belas casas brancas sobre as rochas na cidade de Albufeira.<\/figcaption><\/figure>\n\n\n\n<p>Com apoio permanente, qualquer d\u00favida ou problema durante a sua estadia em Albufeira ser\u00e1 prontamente resolvido. <strong>Fornecemos-lhe todas as informa\u00e7\u00f5es necess\u00e1rias<\/strong> para se envolver plenamente no esp\u00edrito animado desta cidade vibrante.<\/p>\n\n\n\n<h1 class=\"wp-block-heading\">Planeie a melhor despedida de solteiro connosco!<\/h1>\n\n\n\n<p><br>Tire partido da nossa vasta experi\u00eancia e dos nossos conhecimentos locais para evitar erros comuns, poupando-lhe tempo e dinheiro.<\/p>\n\n\n\n<p>Deixe-nos ajudar a orquestrar a derradeira celebra\u00e7\u00e3o para os \u00faltimos dias de solteiro do solteiro. Contacte-nos hoje para come\u00e7ar a planear um fim de semana inesquec\u00edvel em Albufeira.<\/p>\n\n\n\n<p>Interessado noutros destinos de despedida de solteiro? Consulte a nossa lista abaixo:<\/p>\n\n\n\n<ul class=\"wp-block-list\">\n<li><a href=\"https:\/\/amsterdam-stag-do.com\/\">Despedida de solteiro em Amesterd\u00e3o<\/a><\/li>\n\n\n\n<li><a href=\"https:\/\/berlin-stag-do.com\/\">Despedida de solteiro em Berlim<\/a><\/li>\n\n\n\n<li><a href=\"https:\/\/hamburgstagdo.com\/\">Despedida de solteiro em Hamburgo<\/a><\/li>\n\n\n\n<li><a href=\"https:\/\/hvarstagdo.com\/\">Despedida de solteiro em Hvar<\/a><\/li>\n\n\n\n<li><a href=\"https:\/\/lisbonstagdo.com\/\">Despedida de solteiro em Lisboa<\/a><\/li>\n\n\n\n<li><a href=\"https:\/\/munichstagdo.com\/\">Despedida de solteiro em Munique<\/a><\/li>\n\n\n\n<li><a href=\"https:\/\/prague-stag-do.com\/\">Despedida de solteiro em Praga<\/a><\/li>\n\n\n\n<li><a href=\"https:\/\/riga-stag-do.com\/\">Despedida de solteiro em Riga<\/a><\/li>\n\n\n\n<li><a href=\"https:\/\/stagpartyljubljana.com\/\">Despedida de solteiro Ljubljana<\/a><\/li>\n\n\n\n<li><a href=\"https:\/\/ibizastagdo.com\">Despedida de solteiro em Ibiza<\/a><\/li>\n\n\n\n<li><a href=\"https:\/\/benidorm-stag-do.com\/\">Despedida de solteiro em Benidorm<\/a><\/li>\n\n\n\n<li><a href=\"https:\/\/budapest-stag-do.com\/\">Despedida de solteiro em Budapeste<\/a><\/li>\n\n\n\n<li><a href=\"https:\/\/stagdovegas.com\/\">Despedida de solteiro em Las Vegas<\/a><\/li>\n\n\n\n<li><a href=\"https:\/\/stagdobarcelona.com\/\">Despedida de solteiro em Barcelona<\/a><\/li>\n\n\n\n<li><a href=\"https:\/\/stagdozagreb.com\/\">Despedida de solteiro em Zagreb<\/a><\/li>\n\n\n\n<li><a href=\"https:\/\/splitstagdo.com\/\">Despedida de solteiro em Split<\/a><\/li>\n\n\n\n<li><a href=\"https:\/\/dubrovnikstagdo.com\/\">Despedida de solteiro em Dubrovnik<\/a><\/li>\n\n\n\n<li><a href=\"https:\/\/madridstagdo.com\/\">Despedida de solteiro em Madrid<\/a><\/li>\n\n\n\n<li><a href=\"https:\/\/bucharest-stag-do.com\/\">Despedida de solteiro em Bucareste<\/a><\/li>\n\n\n\n<li><a href=\"https:\/\/dublinstagdo.com\/\">Despedida de solteiro em Dublin<\/a><\/li>\n\n\n\n<li><a href=\"https:\/\/stagdokrakow.com\/\">Despedida de solteiro em Crac\u00f3via<\/a><\/li>\n<\/ul>","protected":false},"excerpt":{"rendered":"<p>Na Albufeira Stag Do, estamos empenhados em transformar o seu fim de semana de despedida de solteiro em Albufeira numa aventura extraordin\u00e1ria. Compreendemos as complexidades de planear uma despedida de solteiro, mas com a nossa experi\u00eancia, est\u00e1 nas melhores m\u00e3os. O Nosso Compromisso de Servi\u00e7o Excecional Comprometemo-nos a fornecer um servi\u00e7o excecional e experi\u00eancias perfeitas durante a sua estadia. Trabalhamos ... <a href=\"https:\/\/albufeirastagdo.com\/pt\/sobre-nos\/\">Continua\u00e7\u00e3o<\/a><\/p>","protected":false},"author":36,"featured_media":1085,"parent":0,"menu_order":0,"comment_status":"closed","ping_status":"closed","template":"","meta":{"_acf_changed":false,"footnotes":""},"class_list":["post-39","page","type-page","status-publish","has-post-thumbnail","hentry"],"acf":{"page_subheading":"Meet the team behind Albufeira stag do, bringing expertise and personalized service to ensure your Albufeira stag weekend is unforgettable."},"_links":{"self":[{"href":"https:\/\/albufeirastagdo.com\/pt\/wp-json\/wp\/v2\/pages\/39","targetHints":{"allow":["GET"]}}],"collection":[{"href":"https:\/\/albufeirastagdo.com\/pt\/wp-json\/wp\/v2\/pages"}],"about":[{"href":"https:\/\/albufeirastagdo.com\/pt\/wp-json\/wp\/v2\/types\/page"}],"author":[{"embeddable":true,"href":"https:\/\/albufeirastagdo.com\/pt\/wp-json\/wp\/v2\/users\/36"}],"replies":[{"embeddable":true,"href":"https:\/\/albufeirastagdo.com\/pt\/wp-json\/wp\/v2\/comments?post=39"}],"version-history":[{"count":6,"href":"https:\/\/albufeirastagdo.com\/pt\/wp-json\/wp\/v2\/pages\/39\/revisions"}],"predecessor-version":[{"id":7276,"href":"https:\/\/albufeirastagdo.com\/pt\/wp-json\/wp\/v2\/pages\/39\/revisions\/7276"}],"wp:featuredmedia":[{"embeddable":true,"href":"https:\/\/albufeirastagdo.com\/pt\/wp-json\/wp\/v2\/media\/1085"}],"wp:attachment":[{"href":"https:\/\/albufeirastagdo.com\/pt\/wp-json\/wp\/v2\/media?parent=39"}],"curies":[{"name":"wp","href":"https:\/\/api.w.org\/{rel}","templated":true}]}}