{"id":614,"date":"2023-10-03T07:52:44","date_gmt":"2023-10-03T07:52:44","guid":{"rendered":"https:\/\/albufeirastagdo.com\/?page_id=614"},"modified":"2023-12-08T14:52:40","modified_gmt":"2023-12-08T14:52:40","slug":"como-chegar-a-albufeira","status":"publish","type":"page","link":"https:\/\/albufeirastagdo.com\/pt\/como-chegar-a-albufeira\/","title":{"rendered":"Como chegar a Albufeira"},"content":{"rendered":"<p>Quer esteja a planear um retiro descontra\u00eddo ou uma despedida de solteiro cheia de a\u00e7\u00e3o, chegar a Albufeira \u00e9 simples e conveniente. Este guia ajud\u00e1-lo-\u00e1 a navegar pelas melhores formas de chegar a esta joia ensolarada da costa algarvia de Portugal.<\/p>\n\n\n\n<h1 class=\"wp-block-heading\">Voar para Albufeira<\/h1>\n\n\n\n<p>A forma mais direta e r\u00e1pida de chegar a Albufeira \u00e9 voando para <strong>Aeroporto de Faro<\/strong>O aeroporto de Faro \u00e9 o aeroporto internacional mais pr\u00f3ximo. O Aeroporto de Faro est\u00e1 bem ligado a v\u00e1rias grandes cidades europeias, incluindo Londres. V\u00e1rias companhias a\u00e9reas operam voos para Faro, desde op\u00e7\u00f5es econ\u00f3micas como a Ryanair e a easyJet at\u00e9 companhias a\u00e9reas de servi\u00e7o completo como a British Airways.<\/p>\n\n\n\n<p><br><\/p>\n\n\n\n<figure class=\"wp-block-image size-large\"><img decoding=\"async\" src=\"https:\/\/albufeirastagdo.com\/wp-content\/uploads\/albuferia-1024x682.webp\" alt=\"A\u00e9rea da Praia da Marinha no Algarve, Portugal\" class=\"wp-image-1069\"\/><figcaption class=\"wp-element-caption\">Vista a\u00e9rea da Praia da Marinha no Algarve, Portugal.<\/figcaption><\/figure>\n\n\n\n<p>\u00c0 sua chegada a Faro, podemos <a href=\"https:\/\/albufeirastagdo.com\/pt\/\">organizar um transfer para o ir buscar<\/a> O nosso servi\u00e7o de transporte vai busc\u00e1-lo ao aeroporto e transport\u00e1-lo para o seu alojamento em Albufeira, assegurando um in\u00edcio tranquilo da sua aventura de despedida de solteiro.<\/p>\n\n\n\n<h1 class=\"wp-block-heading\">Conduzir at\u00e9 Albufeira<\/h1>\n\n\n\n<p>Para aqueles que preferem uma viagem de carro, conduzir at\u00e9 Albufeira oferece vistas panor\u00e2micas e a flexibilidade de <strong>Explore a regi\u00e3o do Algarve ao seu pr\u00f3prio ritmo.<\/strong> A cidade est\u00e1 bem ligada por auto-estradas e estradas nacionais, o que a torna um destino acess\u00edvel, quer alugue um carro ou conduza o seu pr\u00f3prio.<\/p>\n\n\n\n<h1 class=\"wp-block-heading\">Apanhar o comboio para Albufeira<\/h1>\n\n\n\n<p>Outra op\u00e7\u00e3o conveniente \u00e9 apanhar o comboio para Albufeira. A esta\u00e7\u00e3o de comboios da cidade \u00e9 <strong>com boas liga\u00e7\u00f5es a v\u00e1rias cidades portuguesas,<\/strong> incluindo Lisboa e Porto. A viagem de comboio oferece uma forma relaxante e panor\u00e2mica de viajar, permitindo-lhe apreciar as belas paisagens de Portugal.<\/p>\n\n\n\n<h1 class=\"wp-block-heading\">Getting Around Albufeira<\/h1>\n\n\n\n<p>Quando chegar a Albufeira, tem v\u00e1rias op\u00e7\u00f5es para se deslocar pela cidade. Alugar um carro proporciona a maior flexibilidade, mas tamb\u00e9m pode usar t\u00e1xis ou transportes p\u00fablicos para explorar Albufeira e os seus arredores. Para<strong> uma experi\u00eancia sem complica\u00e7\u00f5es<\/strong>Se o seu grupo de despedida de solteiro n\u00e3o estiver a pensar em si, considere os nossos servi\u00e7os de transfer, assegurando que voc\u00ea e a sua festa de despedida de solteiro podem concentrar-se em desfrutar da atmosfera vibrante de Albufeira.<\/p>\n\n\n\n<p><\/p>\n\n\n\n<figure class=\"wp-block-image size-large\"><img decoding=\"async\" src=\"https:\/\/albufeirastagdo.com\/wp-content\/uploads\/picturesque-sky-over-albufeira-beach-1024x682.webp\" alt=\"C\u00e9u pitoresco sobre a praia de Albufeira\" class=\"wp-image-1072\"\/><figcaption class=\"wp-element-caption\">C\u00e9u pitoresco sobre a praia de Albufeira.<\/figcaption><\/figure>\n\n\n\n<p>Em conclus\u00e3o, chegar a Albufeira \u00e9 c\u00f3modo e sem complica\u00e7\u00f5es, com <strong>v\u00e1rias op\u00e7\u00f5es para se adaptar \u00e0s suas prefer\u00eancias<\/strong> e or\u00e7amento. Quer venha de avi\u00e3o, de carro ou de comboio, em breve estar\u00e1 nesta cidade animada, pronto para come\u00e7ar uma despedida de solteiro inesquec\u00edvel.<\/p>","protected":false},"excerpt":{"rendered":"<p>Quer esteja a planear um retiro descontra\u00eddo ou uma despedida de solteiro cheia de a\u00e7\u00e3o, chegar a Albufeira \u00e9 simples e conveniente. Este guia ir\u00e1 ajud\u00e1-lo a navegar pelas melhores formas de chegar a esta joia da costa algarvia de Portugal. Voar para Albufeira A forma mais direta e r\u00e1pida de chegar a Albufeira \u00e9 voando para o Aeroporto de Faro, o ... <a href=\"https:\/\/albufeirastagdo.com\/pt\/como-chegar-a-albufeira\/\">Continua\u00e7\u00e3o<\/a><\/p>","protected":false},"author":36,"featured_media":1071,"parent":0,"menu_order":0,"comment_status":"closed","ping_status":"closed","template":"","meta":{"_acf_changed":false,"footnotes":""},"class_list":["post-614","page","type-page","status-publish","has-post-thumbnail","hentry"],"acf":{"page_subheading":"Discover the best routes to Albufeira for your stag do - explore convenient flights, scenic drives, and local insights for a seamless journey."},"_links":{"self":[{"href":"https:\/\/albufeirastagdo.com\/pt\/wp-json\/wp\/v2\/pages\/614","targetHints":{"allow":["GET"]}}],"collection":[{"href":"https:\/\/albufeirastagdo.com\/pt\/wp-json\/wp\/v2\/pages"}],"about":[{"href":"https:\/\/albufeirastagdo.com\/pt\/wp-json\/wp\/v2\/types\/page"}],"author":[{"embeddable":true,"href":"https:\/\/albufeirastagdo.com\/pt\/wp-json\/wp\/v2\/users\/36"}],"replies":[{"embeddable":true,"href":"https:\/\/albufeirastagdo.com\/pt\/wp-json\/wp\/v2\/comments?post=614"}],"version-history":[{"count":5,"href":"https:\/\/albufeirastagdo.com\/pt\/wp-json\/wp\/v2\/pages\/614\/revisions"}],"predecessor-version":[{"id":1073,"href":"https:\/\/albufeirastagdo.com\/pt\/wp-json\/wp\/v2\/pages\/614\/revisions\/1073"}],"wp:featuredmedia":[{"embeddable":true,"href":"https:\/\/albufeirastagdo.com\/pt\/wp-json\/wp\/v2\/media\/1071"}],"wp:attachment":[{"href":"https:\/\/albufeirastagdo.com\/pt\/wp-json\/wp\/v2\/media?parent=614"}],"curies":[{"name":"wp","href":"https:\/\/api.w.org\/{rel}","templated":true}]}}